{"id":229034,"date":"2024-09-29T02:40:19","date_gmt":"2024-09-29T02:40:19","guid":{"rendered":"https:\/\/irankiuzona.lt\/product\/skylamusis-o32mm-pjoviklis-skylems-su-varztu\/"},"modified":"2026-05-09T14:43:30","modified_gmt":"2026-05-09T14:43:30","slug":"skylamusis-o32mm-pjoviklis-skylems-su-varztu","status":"publish","type":"product","link":"https:\/\/irankiuzona.lt\/ru\/product\/skylamusis-o32mm-pjoviklis-skylems-su-varztu\/","title":{"rendered":"Skylamu\u0161is \u00f832mm \/ pjoviklis skyl\u0117ms su var\u017etu"},"content":{"rendered":"<p>SINK HOLE CUTTER FOR STAINLESS STEEL<br \/>\n\u2022 Cutting holes \u00f8 32 mm for stainless steel sheet. Drill a 10 mm\u2022 Hole to screw the hole cutter.<\/p>","protected":false},"excerpt":{"rendered":"<p>Skylamu\u0161is \/ gr\u0119\u017eimo kar\u016bna su var\u017etu \/ pjoviklis metalui \u00f8 32mm\u00a0\u00a0<\/p>","protected":false},"featured_media":229036,"comment_status":"open","ping_status":"open","template":"","meta":[],"product_cat":[9710],"product_tag":[9478],"class_list":{"0":"post-229034","1":"product","2":"type-product","3":"status-publish","4":"has-post-thumbnail","6":"product_brand-leman-prancuzija","7":"product_cat-grezimo-karunos-metalui-medziui","8":"product_tag-leman-prancuzija","10":"first","11":"outofstock","12":"purchasable","13":"product-type-simple"},"jetpack_sharing_enabled":true,"_links":{"self":[{"href":"https:\/\/irankiuzona.lt\/ru\/wp-json\/wp\/v2\/product\/229034","targetHints":{"allow":["GET"]}}],"collection":[{"href":"https:\/\/irankiuzona.lt\/ru\/wp-json\/wp\/v2\/product"}],"about":[{"href":"https:\/\/irankiuzona.lt\/ru\/wp-json\/wp\/v2\/types\/product"}],"replies":[{"embeddable":true,"href":"https:\/\/irankiuzona.lt\/ru\/wp-json\/wp\/v2\/comments?post=229034"}],"version-history":[{"count":1,"href":"https:\/\/irankiuzona.lt\/ru\/wp-json\/wp\/v2\/product\/229034\/revisions"}],"predecessor-version":[{"id":411655,"href":"https:\/\/irankiuzona.lt\/ru\/wp-json\/wp\/v2\/product\/229034\/revisions\/411655"}],"wp:featuredmedia":[{"embeddable":true,"href":"https:\/\/irankiuzona.lt\/ru\/wp-json\/wp\/v2\/media\/229036"}],"wp:attachment":[{"href":"https:\/\/irankiuzona.lt\/ru\/wp-json\/wp\/v2\/media?parent=229034"}],"wp:term":[{"taxonomy":"product_cat","embeddable":true,"href":"https:\/\/irankiuzona.lt\/ru\/wp-json\/wp\/v2\/product_cat?post=229034"},{"taxonomy":"product_tag","embeddable":true,"href":"https:\/\/irankiuzona.lt\/ru\/wp-json\/wp\/v2\/product_tag?post=229034"}],"curies":[{"name":"wp","href":"https:\/\/api.w.org\/{rel}","templated":true}]}}