{"id":229061,"date":"2024-09-29T02:40:21","date_gmt":"2024-09-29T02:40:21","guid":{"rendered":"https:\/\/irankiuzona.lt\/product\/coliniu-irankiu-k-tas-1-43-81-2-su-ideklu-vezimeliui-81-dalies\/"},"modified":"2026-04-12T04:54:47","modified_gmt":"2026-04-12T04:54:47","slug":"coliniu-irankiu-k-tas-1-43-81-2-su-ideklu-vezimeliui-81-dalies","status":"publish","type":"product","link":"https:\/\/irankiuzona.lt\/ru\/product\/coliniu-irankiu-k-tas-1-43-81-2-su-ideklu-vezimeliui-81-dalies\/","title":{"rendered":"Colini\u0173 \u012franki\u0173 k-tas 1\/4+3\/8+1\/2 su \u012fd\u0117klu ve\u017eim\u0117liui 81 dalies"},"content":{"rendered":"<p>\u012ed\u0117klo dydis stal\u010diuje &#8211; 2\/3 (36x375x395 mm) Chrome-vanadium steel  Komplekte:  1\/4: Galvut\u0117s 5\/32&quot;-1\/2&quot; mm trumpos \/ 1\/4&quot;-1\/2&quot; mm ilgos \u012epresuoti 6-kampiai : 1\/8&quot;-1\/4&quot; (37mm)  3\/8: Galvut\u0117s 5\/16&quot;-11\/16&quot; mm trumpos \/ 1\/2&quot;-5\/8&quot; mm ilgos \u012epresuoti 6-kampiai\u00a0:\u00a03\/16&quot;-3\/8&quot; (48mm)  1\/2: Galvut\u0117s 3\/8&quot;-1,1\/4&quot; mm trumpos \/ 11\/16&quot;-7\/8&quot; mm ilgos \u012epresuoti 6-kampiai :\u00a05\/16&quot;-5\/8&quot; (55mm)  Kombinuoti rakteliai\u00a0:\u00a01\/4&quot;-3\/4&quot; mm L-formos raktai : 1\/16&quot;-3\/8&quot; mm (9 vnt.)<\/p>","protected":false},"excerpt":{"rendered":"<p>Colini\u0173 \u012franki\u0173 k-tas 1\/4+3\/8+1\/2 su \u012fd\u0117klu ve\u017eim\u0117liui 81 dalies<\/p>","protected":false},"featured_media":229063,"comment_status":"open","ping_status":"open","template":"","meta":[],"product_cat":[9870],"product_tag":[9462],"class_list":{"0":"post-229061","1":"product","2":"type-product","3":"status-publish","4":"has-post-thumbnail","6":"product_brand-condor-werkzeug-vokietija","7":"product_cat-deklai-i-vezimus-su-irankiais-ir-tusti","8":"product_tag-condor-werkzeug-vokietija","10":"first","11":"instock","12":"purchasable","13":"product-type-simple"},"jetpack_sharing_enabled":true,"_links":{"self":[{"href":"https:\/\/irankiuzona.lt\/ru\/wp-json\/wp\/v2\/product\/229061","targetHints":{"allow":["GET"]}}],"collection":[{"href":"https:\/\/irankiuzona.lt\/ru\/wp-json\/wp\/v2\/product"}],"about":[{"href":"https:\/\/irankiuzona.lt\/ru\/wp-json\/wp\/v2\/types\/product"}],"replies":[{"embeddable":true,"href":"https:\/\/irankiuzona.lt\/ru\/wp-json\/wp\/v2\/comments?post=229061"}],"version-history":[{"count":1,"href":"https:\/\/irankiuzona.lt\/ru\/wp-json\/wp\/v2\/product\/229061\/revisions"}],"predecessor-version":[{"id":411662,"href":"https:\/\/irankiuzona.lt\/ru\/wp-json\/wp\/v2\/product\/229061\/revisions\/411662"}],"wp:featuredmedia":[{"embeddable":true,"href":"https:\/\/irankiuzona.lt\/ru\/wp-json\/wp\/v2\/media\/229063"}],"wp:attachment":[{"href":"https:\/\/irankiuzona.lt\/ru\/wp-json\/wp\/v2\/media?parent=229061"}],"wp:term":[{"taxonomy":"product_cat","embeddable":true,"href":"https:\/\/irankiuzona.lt\/ru\/wp-json\/wp\/v2\/product_cat?post=229061"},{"taxonomy":"product_tag","embeddable":true,"href":"https:\/\/irankiuzona.lt\/ru\/wp-json\/wp\/v2\/product_tag?post=229061"}],"curies":[{"name":"wp","href":"https:\/\/api.w.org\/{rel}","templated":true}]}}