{"id":229121,"date":"2024-09-29T02:40:25","date_gmt":"2024-09-29T02:40:25","guid":{"rendered":"https:\/\/irankiuzona.lt\/product\/freza-karbidine-8mm-m14\/"},"modified":"2026-04-16T06:42:55","modified_gmt":"2026-04-16T06:42:55","slug":"freza-karbidine-8mm-m14","status":"publish","type":"product","link":"https:\/\/irankiuzona.lt\/ru\/product\/freza-karbidine-8mm-m14\/","title":{"rendered":"Freza karbidin\u0117 8mm M14"},"content":{"rendered":"<p>Volframo karbidasSkiedinio jung\u010di\u0173 tarp cemento ir plyt\u0173, betonini\u0173 blokeli\u0173 ir kit\u0173 med\u017eiag\u0173 pa\u0161alinimuiNaudojamas ant kampinio \u0161lifuoklio\u00a0<\/p>","protected":false},"excerpt":{"rendered":"<p>Freza karbidin\u0117 8mm M14<\/p>","protected":false},"featured_media":229123,"comment_status":"open","ping_status":"open","template":"","meta":[],"product_cat":[9580],"product_tag":[9478],"class_list":{"0":"post-229121","1":"product","2":"type-product","3":"status-publish","4":"has-post-thumbnail","6":"product_brand-leman-prancuzija","7":"product_cat-volframines-grezimo-karunos","8":"product_tag-leman-prancuzija","10":"first","11":"instock","12":"purchasable","13":"product-type-simple"},"jetpack_sharing_enabled":true,"_links":{"self":[{"href":"https:\/\/irankiuzona.lt\/ru\/wp-json\/wp\/v2\/product\/229121","targetHints":{"allow":["GET"]}}],"collection":[{"href":"https:\/\/irankiuzona.lt\/ru\/wp-json\/wp\/v2\/product"}],"about":[{"href":"https:\/\/irankiuzona.lt\/ru\/wp-json\/wp\/v2\/types\/product"}],"replies":[{"embeddable":true,"href":"https:\/\/irankiuzona.lt\/ru\/wp-json\/wp\/v2\/comments?post=229121"}],"version-history":[{"count":1,"href":"https:\/\/irankiuzona.lt\/ru\/wp-json\/wp\/v2\/product\/229121\/revisions"}],"predecessor-version":[{"id":411677,"href":"https:\/\/irankiuzona.lt\/ru\/wp-json\/wp\/v2\/product\/229121\/revisions\/411677"}],"wp:featuredmedia":[{"embeddable":true,"href":"https:\/\/irankiuzona.lt\/ru\/wp-json\/wp\/v2\/media\/229123"}],"wp:attachment":[{"href":"https:\/\/irankiuzona.lt\/ru\/wp-json\/wp\/v2\/media?parent=229121"}],"wp:term":[{"taxonomy":"product_cat","embeddable":true,"href":"https:\/\/irankiuzona.lt\/ru\/wp-json\/wp\/v2\/product_cat?post=229121"},{"taxonomy":"product_tag","embeddable":true,"href":"https:\/\/irankiuzona.lt\/ru\/wp-json\/wp\/v2\/product_tag?post=229121"}],"curies":[{"name":"wp","href":"https:\/\/api.w.org\/{rel}","templated":true}]}}