{"id":229133,"date":"2024-09-29T02:40:26","date_gmt":"2024-09-29T02:40:26","guid":{"rendered":"https:\/\/irankiuzona.lt\/product\/profesionaliu-vamzdiniu-sriegpjoviu-komplektas-8-vnt\/"},"modified":"2026-05-15T00:44:26","modified_gmt":"2026-05-15T00:44:26","slug":"profesionaliu-vamzdiniu-sriegpjoviu-komplektas-8-vnt","status":"publish","type":"product","link":"https:\/\/irankiuzona.lt\/ru\/product\/profesionaliu-vamzdiniu-sriegpjoviu-komplektas-8-vnt\/","title":{"rendered":"Profesionali\u0173 vamzdini\u0173 sriegpjovi\u0173 komplektas 8 vnt."},"content":{"rendered":"<p>3\/8&quot;  1\/2&quot;  3\/4&quot;  1&quot; 1.1\/4&quot;<\/p>","protected":false},"excerpt":{"rendered":"<p>Profesionali\u0173 vamzdini\u0173 sriegpjovi\u0173 komplektas 8 vnt.<\/p>","protected":false},"featured_media":229135,"comment_status":"open","ping_status":"open","template":"","meta":[],"product_cat":[9663],"product_tag":[9462],"class_list":{"0":"post-229133","1":"product","2":"type-product","3":"status-publish","4":"has-post-thumbnail","6":"product_brand-condor-werkzeug-vokietija","7":"product_cat-vamzdines-sriegpjoves","8":"product_tag-condor-werkzeug-vokietija","10":"first","11":"instock","12":"purchasable","13":"product-type-simple"},"jetpack_sharing_enabled":true,"_links":{"self":[{"href":"https:\/\/irankiuzona.lt\/ru\/wp-json\/wp\/v2\/product\/229133","targetHints":{"allow":["GET"]}}],"collection":[{"href":"https:\/\/irankiuzona.lt\/ru\/wp-json\/wp\/v2\/product"}],"about":[{"href":"https:\/\/irankiuzona.lt\/ru\/wp-json\/wp\/v2\/types\/product"}],"replies":[{"embeddable":true,"href":"https:\/\/irankiuzona.lt\/ru\/wp-json\/wp\/v2\/comments?post=229133"}],"version-history":[{"count":1,"href":"https:\/\/irankiuzona.lt\/ru\/wp-json\/wp\/v2\/product\/229133\/revisions"}],"predecessor-version":[{"id":411681,"href":"https:\/\/irankiuzona.lt\/ru\/wp-json\/wp\/v2\/product\/229133\/revisions\/411681"}],"wp:featuredmedia":[{"embeddable":true,"href":"https:\/\/irankiuzona.lt\/ru\/wp-json\/wp\/v2\/media\/229135"}],"wp:attachment":[{"href":"https:\/\/irankiuzona.lt\/ru\/wp-json\/wp\/v2\/media?parent=229133"}],"wp:term":[{"taxonomy":"product_cat","embeddable":true,"href":"https:\/\/irankiuzona.lt\/ru\/wp-json\/wp\/v2\/product_cat?post=229133"},{"taxonomy":"product_tag","embeddable":true,"href":"https:\/\/irankiuzona.lt\/ru\/wp-json\/wp\/v2\/product_tag?post=229133"}],"curies":[{"name":"wp","href":"https:\/\/api.w.org\/{rel}","templated":true}]}}