{"id":229151,"date":"2024-09-29T02:40:28","date_gmt":"2024-09-29T02:40:28","guid":{"rendered":"https:\/\/irankiuzona.lt\/product\/savarza-20-32-mm\/"},"modified":"2026-05-16T22:36:46","modified_gmt":"2026-05-16T22:36:46","slug":"savarza-20-32-mm","status":"publish","type":"product","link":"https:\/\/irankiuzona.lt\/ru\/product\/savarza-20-32-mm\/","title":{"rendered":"S\u0105var\u017ea 20-32 mm"},"content":{"rendered":"<p>Ner\u016bdijan\u010dio plieno s\u0105var\u017eaDiametras 20-32 mmPlotis 9 mmHose Clamp, W2, stainless, range 20-32 mm, width 9 mm<\/p>","protected":false},"excerpt":{"rendered":"<p>S\u0105var\u017ea 20-32 mm \/ plotis 9 mm<\/p>","protected":false},"featured_media":229153,"comment_status":"open","ping_status":"open","template":"","meta":[],"product_cat":[9694],"product_tag":[9462],"class_list":{"0":"post-229151","1":"product","2":"type-product","3":"status-publish","4":"has-post-thumbnail","6":"product_brand-condor-werkzeug-vokietija","7":"product_cat-savarzos","8":"product_tag-condor-werkzeug-vokietija","10":"first","11":"instock","12":"purchasable","13":"product-type-simple"},"jetpack_sharing_enabled":true,"_links":{"self":[{"href":"https:\/\/irankiuzona.lt\/ru\/wp-json\/wp\/v2\/product\/229151","targetHints":{"allow":["GET"]}}],"collection":[{"href":"https:\/\/irankiuzona.lt\/ru\/wp-json\/wp\/v2\/product"}],"about":[{"href":"https:\/\/irankiuzona.lt\/ru\/wp-json\/wp\/v2\/types\/product"}],"replies":[{"embeddable":true,"href":"https:\/\/irankiuzona.lt\/ru\/wp-json\/wp\/v2\/comments?post=229151"}],"version-history":[{"count":1,"href":"https:\/\/irankiuzona.lt\/ru\/wp-json\/wp\/v2\/product\/229151\/revisions"}],"predecessor-version":[{"id":411687,"href":"https:\/\/irankiuzona.lt\/ru\/wp-json\/wp\/v2\/product\/229151\/revisions\/411687"}],"wp:featuredmedia":[{"embeddable":true,"href":"https:\/\/irankiuzona.lt\/ru\/wp-json\/wp\/v2\/media\/229153"}],"wp:attachment":[{"href":"https:\/\/irankiuzona.lt\/ru\/wp-json\/wp\/v2\/media?parent=229151"}],"wp:term":[{"taxonomy":"product_cat","embeddable":true,"href":"https:\/\/irankiuzona.lt\/ru\/wp-json\/wp\/v2\/product_cat?post=229151"},{"taxonomy":"product_tag","embeddable":true,"href":"https:\/\/irankiuzona.lt\/ru\/wp-json\/wp\/v2\/product_tag?post=229151"}],"curies":[{"name":"wp","href":"https:\/\/api.w.org\/{rel}","templated":true}]}}