{"id":229165,"date":"2024-09-29T02:40:30","date_gmt":"2024-09-29T02:40:30","guid":{"rendered":"https:\/\/irankiuzona.lt\/product\/gelezte-siaurapjukliui-180mm-metalui\/"},"modified":"2026-05-06T21:25:50","modified_gmt":"2026-05-06T21:25:50","slug":"gelezte-siaurapjukliui-180mm-metalui","status":"publish","type":"product","link":"https:\/\/irankiuzona.lt\/ru\/product\/gelezte-siaurapjukliui-180mm-metalui\/","title":{"rendered":"Gele\u017et\u0117 siaurapj\u016bkliui 180mm\/ Metalui"},"content":{"rendered":"","protected":false},"excerpt":{"rendered":"<p>Gle\u017et\u0117 siaurapj\u016bkliui 180mm Bi-metal<\/p>","protected":false},"featured_media":229167,"comment_status":"open","ping_status":"open","template":"","meta":[],"product_cat":[9632],"product_tag":[9478],"class_list":{"0":"post-229165","1":"product","2":"type-product","3":"status-publish","4":"has-post-thumbnail","6":"product_brand-leman-prancuzija","7":"product_cat-geleztes-metalui","8":"product_tag-leman-prancuzija","10":"first","11":"instock","12":"purchasable","13":"product-type-simple"},"jetpack_sharing_enabled":true,"_links":{"self":[{"href":"https:\/\/irankiuzona.lt\/ru\/wp-json\/wp\/v2\/product\/229165","targetHints":{"allow":["GET"]}}],"collection":[{"href":"https:\/\/irankiuzona.lt\/ru\/wp-json\/wp\/v2\/product"}],"about":[{"href":"https:\/\/irankiuzona.lt\/ru\/wp-json\/wp\/v2\/types\/product"}],"replies":[{"embeddable":true,"href":"https:\/\/irankiuzona.lt\/ru\/wp-json\/wp\/v2\/comments?post=229165"}],"version-history":[{"count":1,"href":"https:\/\/irankiuzona.lt\/ru\/wp-json\/wp\/v2\/product\/229165\/revisions"}],"predecessor-version":[{"id":411692,"href":"https:\/\/irankiuzona.lt\/ru\/wp-json\/wp\/v2\/product\/229165\/revisions\/411692"}],"wp:featuredmedia":[{"embeddable":true,"href":"https:\/\/irankiuzona.lt\/ru\/wp-json\/wp\/v2\/media\/229167"}],"wp:attachment":[{"href":"https:\/\/irankiuzona.lt\/ru\/wp-json\/wp\/v2\/media?parent=229165"}],"wp:term":[{"taxonomy":"product_cat","embeddable":true,"href":"https:\/\/irankiuzona.lt\/ru\/wp-json\/wp\/v2\/product_cat?post=229165"},{"taxonomy":"product_tag","embeddable":true,"href":"https:\/\/irankiuzona.lt\/ru\/wp-json\/wp\/v2\/product_tag?post=229165"}],"curies":[{"name":"wp","href":"https:\/\/api.w.org\/{rel}","templated":true}]}}