{"id":229234,"date":"2024-09-29T02:40:36","date_gmt":"2024-09-29T02:40:36","guid":{"rendered":"https:\/\/irankiuzona.lt\/product\/kniedziu-rinkinys-aliumines-400vnt\/"},"modified":"2026-05-15T18:56:38","modified_gmt":"2026-05-15T18:56:38","slug":"kniedziu-rinkinys-aliumines-400vnt","status":"publish","type":"product","link":"https:\/\/irankiuzona.lt\/ru\/product\/kniedziu-rinkinys-aliumines-400vnt\/","title":{"rendered":"Knied\u017ei\u0173 rinkinys, aliumin\u0117s 400vnt."},"content":{"rendered":"<p>Knied\u0117s galvos ilgis &#8211; 6mm  100 vnt. 2.4 mm 100 vnt. 3.2 mm 100 vnt. 4.0 mm 100 vnt. 4.8 mm<\/p>","protected":false},"excerpt":{"rendered":"<p>Knied\u017ei\u0173 rinkinys, aliumin\u0117s 400vnt.<\/p>","protected":false},"featured_media":229236,"comment_status":"open","ping_status":"open","template":"","meta":[],"product_cat":[9436],"product_tag":[9462],"class_list":{"0":"post-229234","1":"product","2":"type-product","3":"status-publish","4":"has-post-thumbnail","6":"product_brand-condor-werkzeug-vokietija","7":"product_cat-kniedes","8":"product_tag-condor-werkzeug-vokietija","10":"first","11":"instock","12":"purchasable","13":"product-type-simple"},"jetpack_sharing_enabled":true,"_links":{"self":[{"href":"https:\/\/irankiuzona.lt\/ru\/wp-json\/wp\/v2\/product\/229234","targetHints":{"allow":["GET"]}}],"collection":[{"href":"https:\/\/irankiuzona.lt\/ru\/wp-json\/wp\/v2\/product"}],"about":[{"href":"https:\/\/irankiuzona.lt\/ru\/wp-json\/wp\/v2\/types\/product"}],"replies":[{"embeddable":true,"href":"https:\/\/irankiuzona.lt\/ru\/wp-json\/wp\/v2\/comments?post=229234"}],"version-history":[{"count":1,"href":"https:\/\/irankiuzona.lt\/ru\/wp-json\/wp\/v2\/product\/229234\/revisions"}],"predecessor-version":[{"id":411713,"href":"https:\/\/irankiuzona.lt\/ru\/wp-json\/wp\/v2\/product\/229234\/revisions\/411713"}],"wp:featuredmedia":[{"embeddable":true,"href":"https:\/\/irankiuzona.lt\/ru\/wp-json\/wp\/v2\/media\/229236"}],"wp:attachment":[{"href":"https:\/\/irankiuzona.lt\/ru\/wp-json\/wp\/v2\/media?parent=229234"}],"wp:term":[{"taxonomy":"product_cat","embeddable":true,"href":"https:\/\/irankiuzona.lt\/ru\/wp-json\/wp\/v2\/product_cat?post=229234"},{"taxonomy":"product_tag","embeddable":true,"href":"https:\/\/irankiuzona.lt\/ru\/wp-json\/wp\/v2\/product_tag?post=229234"}],"curies":[{"name":"wp","href":"https:\/\/api.w.org\/{rel}","templated":true}]}}