{"id":229262,"date":"2024-09-29T02:40:39","date_gmt":"2024-09-29T02:40:39","guid":{"rendered":"https:\/\/irankiuzona.lt\/product\/techninis-fenas-2000w-3-pakopu-graphite\/"},"modified":"2025-05-14T04:25:36","modified_gmt":"2025-05-14T04:25:36","slug":"techninis-fenas-2000w-3-pakopu-graphite","status":"publish","type":"product","link":"https:\/\/irankiuzona.lt\/ru\/product\/techninis-fenas-2000w-3-pakopu-graphite\/","title":{"rendered":"Techninis fenas 2000W, 3 pakop\u0173, GRAPHITE"},"content":{"rendered":"<p>Techninis fenas 2000W su skland\u017eiu temperat\u016bros reguliavimu: I:\u00a0\u00a0 25C II:\u00a0 350C III: 550C  Lagamine su priedais  Garantija &#8211; 24m\u0117n (juridiniam 12m\u0117n)<\/p>","protected":false},"excerpt":{"rendered":"<p>Techninis fenas 2000W, 3 pakop\u0173, GRAPHITE<\/p>","protected":false},"featured_media":229264,"comment_status":"open","ping_status":"open","template":"","meta":[],"product_cat":[9709],"product_tag":[9891],"class_list":{"0":"post-229262","1":"product","2":"type-product","3":"status-publish","4":"has-post-thumbnail","6":"product_brand-graphite","7":"product_cat-techniniai-fenai","8":"product_tag-graphite","10":"first","11":"outofstock","12":"purchasable","13":"product-type-simple"},"jetpack_sharing_enabled":true,"_links":{"self":[{"href":"https:\/\/irankiuzona.lt\/ru\/wp-json\/wp\/v2\/product\/229262","targetHints":{"allow":["GET"]}}],"collection":[{"href":"https:\/\/irankiuzona.lt\/ru\/wp-json\/wp\/v2\/product"}],"about":[{"href":"https:\/\/irankiuzona.lt\/ru\/wp-json\/wp\/v2\/types\/product"}],"replies":[{"embeddable":true,"href":"https:\/\/irankiuzona.lt\/ru\/wp-json\/wp\/v2\/comments?post=229262"}],"version-history":[{"count":0,"href":"https:\/\/irankiuzona.lt\/ru\/wp-json\/wp\/v2\/product\/229262\/revisions"}],"wp:featuredmedia":[{"embeddable":true,"href":"https:\/\/irankiuzona.lt\/ru\/wp-json\/wp\/v2\/media\/229264"}],"wp:attachment":[{"href":"https:\/\/irankiuzona.lt\/ru\/wp-json\/wp\/v2\/media?parent=229262"}],"wp:term":[{"taxonomy":"product_cat","embeddable":true,"href":"https:\/\/irankiuzona.lt\/ru\/wp-json\/wp\/v2\/product_cat?post=229262"},{"taxonomy":"product_tag","embeddable":true,"href":"https:\/\/irankiuzona.lt\/ru\/wp-json\/wp\/v2\/product_tag?post=229262"}],"curies":[{"name":"wp","href":"https:\/\/api.w.org\/{rel}","templated":true}]}}