{"id":229291,"date":"2024-09-29T02:40:42","date_gmt":"2024-09-29T02:40:42","guid":{"rendered":"https:\/\/irankiuzona.lt\/product\/multimetras-12v\/"},"modified":"2026-05-15T11:32:52","modified_gmt":"2026-05-15T11:32:52","slug":"multimetras-12v","status":"publish","type":"product","link":"https:\/\/irankiuzona.lt\/ru\/product\/multimetras-12v\/","title":{"rendered":"Multimetras 12V"},"content":{"rendered":"<p>tinka matavimams CAT II diapazone3 \u00bd skaitmuo, 7 segmentai, 0,5 &quot;LCD ekranasperpildymo, poli\u0161kumo ir \u017eemos baterijos \u012ftampos indikacijaatsparumo matavimo diapazonai, kintamosios srov\u0117s \u012ftampa, nuolatin\u0117 \u012ftampa,diodo \u012ftampos kritimas ir hFE tranzistoriaus matavimainuolatin\u0117s srov\u0117s \u012ftampos matavimo diapazonai:200 mV, skiriamoji geba: 10uV, tikslumas: \u00b1 0.5% + 10digit2000 mV, skiriamoji geba: 1 mV, tikslumas: \u00b1 1% + 5digit20 V, skiriamoji geba: 10 mV, tikslumas: \u00b1 1% + 5digit200 V, skiriamoji geba: 100 mV, tikslumas: \u00b1 1% + 5digit600V, skiriamoji geba: 1V, tikslumas: \u00b1 1.2% + 5digitkintamosios srov\u0117s \u012ftampos matavimo intervalai:200 V, skiriamoji geba: 10 mV, tikslumas: \u00b1 0.5% + 10digit600V, skiriamoji geba: 1V, tikslumas: \u00b1 0.5% + 10digitnuolatin\u0117s srov\u0117s matavimo diapazonai:2000 uA, skiriamoji geba: 1uA, tikslumas: \u00b1 1.8% + 2digit20 mA, skiriamoji geba: 10uA, tikslumas: \u00b1 1.8% + 2digit200 mA, skiriamoji geba: 100\u03bcA, tikslumas: \u00b1 2% + 2digit10 A, skiriamoji geba: 10 mA, tikslumas: \u00b1 2% + 10digit2000 Ohm, rezoliucija: 1 Ohm, tikslumas: \u00b1 2% + 4digit20 KOhm, rezoliucija: 10 om\u0173, tikslumas: \u00b1 2% + 4digit200 KOhm, rezoliucija: 100 om\u0173, tikslumas: \u00b1 2% + 4digit2000 KOhm, rezoliucija: 1 KOhm, tikslumas: \u00b1 2% + 4digitdarbo temperat\u016bra: 10 \u00b0 C ~ 40 \u00b0 C, santykin\u0117 dr\u0117gm\u0117 0 ~ 75%maitinimas: 2x 1,5 V AAA baterijamatmenys: (l) 126 x (w) 70 x (h) 24 mmsvoris: 140 g (\u012fskaitant akumuliatori\u0173)<\/p>","protected":false},"excerpt":{"rendered":"<p>Multimetras<\/p>","protected":false},"featured_media":229293,"comment_status":"open","ping_status":"open","template":"","meta":[],"product_cat":[9679],"product_tag":[9845],"class_list":{"0":"post-229291","1":"product","2":"type-product","3":"status-publish","4":"has-post-thumbnail","6":"product_brand-vokietija-germany","7":"product_cat-elektriko-testeriai-ivairus-matuokliai","8":"product_tag-vokietija-germany","10":"first","11":"outofstock","12":"purchasable","13":"product-type-simple"},"jetpack_sharing_enabled":true,"_links":{"self":[{"href":"https:\/\/irankiuzona.lt\/ru\/wp-json\/wp\/v2\/product\/229291","targetHints":{"allow":["GET"]}}],"collection":[{"href":"https:\/\/irankiuzona.lt\/ru\/wp-json\/wp\/v2\/product"}],"about":[{"href":"https:\/\/irankiuzona.lt\/ru\/wp-json\/wp\/v2\/types\/product"}],"replies":[{"embeddable":true,"href":"https:\/\/irankiuzona.lt\/ru\/wp-json\/wp\/v2\/comments?post=229291"}],"version-history":[{"count":1,"href":"https:\/\/irankiuzona.lt\/ru\/wp-json\/wp\/v2\/product\/229291\/revisions"}],"predecessor-version":[{"id":411729,"href":"https:\/\/irankiuzona.lt\/ru\/wp-json\/wp\/v2\/product\/229291\/revisions\/411729"}],"wp:featuredmedia":[{"embeddable":true,"href":"https:\/\/irankiuzona.lt\/ru\/wp-json\/wp\/v2\/media\/229293"}],"wp:attachment":[{"href":"https:\/\/irankiuzona.lt\/ru\/wp-json\/wp\/v2\/media?parent=229291"}],"wp:term":[{"taxonomy":"product_cat","embeddable":true,"href":"https:\/\/irankiuzona.lt\/ru\/wp-json\/wp\/v2\/product_cat?post=229291"},{"taxonomy":"product_tag","embeddable":true,"href":"https:\/\/irankiuzona.lt\/ru\/wp-json\/wp\/v2\/product_tag?post=229291"}],"curies":[{"name":"wp","href":"https:\/\/api.w.org\/{rel}","templated":true}]}}