{"id":229294,"date":"2024-09-29T02:40:42","date_gmt":"2024-09-29T02:40:42","guid":{"rendered":"https:\/\/irankiuzona.lt\/product\/stabdziu-vamzdeliu-raktai-vartomi-8-12mm-5-vnt\/"},"modified":"2026-05-15T12:51:55","modified_gmt":"2026-05-15T12:51:55","slug":"stabdziu-vamzdeliu-raktai-vartomi-8-12mm-5-vnt","status":"publish","type":"product","link":"https:\/\/irankiuzona.lt\/ru\/product\/stabdziu-vamzdeliu-raktai-vartomi-8-12mm-5-vnt\/","title":{"rendered":"Stabd\u017ei\u0173 vamzdeli\u0173 raktai, vartomi 8-12mm, 5 vnt."},"content":{"rendered":"<p>Lanksti galva, 270\u00b0 pasukama<br \/>\nChrome vanadium steel<\/p>\n<p>8mm &#8211; 133mm ilgio<br \/>\n9mm &#8211; 133mm ilgio<br \/>\n10mm &#8211; 132mm ilgio<br \/>\n11mm &#8211; 150mm ilgio<br \/>\n12mm &#8211; 154mm ilgio<\/p>","protected":false},"excerpt":{"rendered":"<p>Stabd\u017ei\u0173 vamzdeli\u0173 raktai, vartomi 8-12mm, 5 vnt.<\/p>","protected":false},"featured_media":229296,"comment_status":"open","ping_status":"open","template":"","meta":[],"product_cat":[9596],"product_tag":[9462],"class_list":{"0":"post-229294","1":"product","2":"type-product","3":"status-publish","4":"has-post-thumbnail","6":"product_brand-condor-werkzeug-vokietija","7":"product_cat-raktai-vamzdeliams-su-ispjova","8":"product_tag-condor-werkzeug-vokietija","10":"first","11":"instock","12":"purchasable","13":"product-type-simple"},"jetpack_sharing_enabled":true,"_links":{"self":[{"href":"https:\/\/irankiuzona.lt\/ru\/wp-json\/wp\/v2\/product\/229294","targetHints":{"allow":["GET"]}}],"collection":[{"href":"https:\/\/irankiuzona.lt\/ru\/wp-json\/wp\/v2\/product"}],"about":[{"href":"https:\/\/irankiuzona.lt\/ru\/wp-json\/wp\/v2\/types\/product"}],"replies":[{"embeddable":true,"href":"https:\/\/irankiuzona.lt\/ru\/wp-json\/wp\/v2\/comments?post=229294"}],"version-history":[{"count":1,"href":"https:\/\/irankiuzona.lt\/ru\/wp-json\/wp\/v2\/product\/229294\/revisions"}],"predecessor-version":[{"id":411730,"href":"https:\/\/irankiuzona.lt\/ru\/wp-json\/wp\/v2\/product\/229294\/revisions\/411730"}],"wp:featuredmedia":[{"embeddable":true,"href":"https:\/\/irankiuzona.lt\/ru\/wp-json\/wp\/v2\/media\/229296"}],"wp:attachment":[{"href":"https:\/\/irankiuzona.lt\/ru\/wp-json\/wp\/v2\/media?parent=229294"}],"wp:term":[{"taxonomy":"product_cat","embeddable":true,"href":"https:\/\/irankiuzona.lt\/ru\/wp-json\/wp\/v2\/product_cat?post=229294"},{"taxonomy":"product_tag","embeddable":true,"href":"https:\/\/irankiuzona.lt\/ru\/wp-json\/wp\/v2\/product_tag?post=229294"}],"curies":[{"name":"wp","href":"https:\/\/api.w.org\/{rel}","templated":true}]}}