{"id":229348,"date":"2024-09-29T02:40:45","date_gmt":"2024-09-29T02:40:45","guid":{"rendered":"https:\/\/irankiuzona.lt\/product\/uzdaru-uzmetamu-raktu-komplektas-10-22mm-6vnt\/"},"modified":"2026-03-25T09:24:40","modified_gmt":"2026-03-25T09:24:40","slug":"uzdaru-uzmetamu-raktu-komplektas-10-22mm-6vnt","status":"publish","type":"product","link":"https:\/\/irankiuzona.lt\/ru\/product\/uzdaru-uzmetamu-raktu-komplektas-10-22mm-6vnt\/","title":{"rendered":"U\u017edar\u0173\/u\u017emetam\u0173 rakt\u0173 komplektas 10-22mm, 6vnt."},"content":{"rendered":"<p>12-kampiai raktai<br \/>\nKomplekte: 10, 11, 13, 17, 19, 22 mm<\/p>","protected":false},"excerpt":{"rendered":"<p>U\u017edar\u0173\/u\u017emetam\u0173 rakt\u0173 komplektas 10-22mm, 6vnt.<\/p>","protected":false},"featured_media":229350,"comment_status":"open","ping_status":"open","template":"","meta":[],"product_cat":[9611],"product_tag":[9778],"class_list":{"0":"post-229348","1":"product","2":"type-product","3":"status-publish","4":"has-post-thumbnail","6":"product_brand-triumf-professional-tools-slovakija","7":"product_cat-spec-raktai","8":"product_tag-triumf-professional-tools-slovakija","10":"first","11":"outofstock","12":"purchasable","13":"product-type-simple"},"jetpack_sharing_enabled":true,"_links":{"self":[{"href":"https:\/\/irankiuzona.lt\/ru\/wp-json\/wp\/v2\/product\/229348","targetHints":{"allow":["GET"]}}],"collection":[{"href":"https:\/\/irankiuzona.lt\/ru\/wp-json\/wp\/v2\/product"}],"about":[{"href":"https:\/\/irankiuzona.lt\/ru\/wp-json\/wp\/v2\/types\/product"}],"replies":[{"embeddable":true,"href":"https:\/\/irankiuzona.lt\/ru\/wp-json\/wp\/v2\/comments?post=229348"}],"version-history":[{"count":1,"href":"https:\/\/irankiuzona.lt\/ru\/wp-json\/wp\/v2\/product\/229348\/revisions"}],"predecessor-version":[{"id":411742,"href":"https:\/\/irankiuzona.lt\/ru\/wp-json\/wp\/v2\/product\/229348\/revisions\/411742"}],"wp:featuredmedia":[{"embeddable":true,"href":"https:\/\/irankiuzona.lt\/ru\/wp-json\/wp\/v2\/media\/229350"}],"wp:attachment":[{"href":"https:\/\/irankiuzona.lt\/ru\/wp-json\/wp\/v2\/media?parent=229348"}],"wp:term":[{"taxonomy":"product_cat","embeddable":true,"href":"https:\/\/irankiuzona.lt\/ru\/wp-json\/wp\/v2\/product_cat?post=229348"},{"taxonomy":"product_tag","embeddable":true,"href":"https:\/\/irankiuzona.lt\/ru\/wp-json\/wp\/v2\/product_tag?post=229348"}],"curies":[{"name":"wp","href":"https:\/\/api.w.org\/{rel}","templated":true}]}}