{"id":229354,"date":"2024-09-29T02:40:46","date_gmt":"2024-09-29T02:40:46","guid":{"rendered":"https:\/\/irankiuzona.lt\/product\/reples-fiksavimo-ziedams-pleciancios-tiesios-295mm\/"},"modified":"2026-04-13T09:16:03","modified_gmt":"2026-04-13T09:16:03","slug":"reples-fiksavimo-ziedams-pleciancios-tiesios-295mm","status":"publish","type":"product","link":"https:\/\/irankiuzona.lt\/ru\/product\/reples-fiksavimo-ziedams-pleciancios-tiesios-295mm\/","title":{"rendered":"Repl\u0117s fiksavimo \u017eiedams, ple\u010dian\u010dios, tiesios 295mm"},"content":{"rendered":"<p>Seeger pliers with extra long direct jaw. Suitable for rings of sizes 40 &#8211; 100 mm. Tips size 2.2 mm, total pliers length 295 mm.\u00a0( Pichler code 12227200 )<\/p>","protected":false},"excerpt":{"rendered":"<p>Repl\u0117s fiksavimo \u017eiedams, ple\u010dian\u010dios, tiesios 295mm PROFI \/ Pichler-12227200<\/p>","protected":false},"featured_media":229356,"comment_status":"open","ping_status":"open","template":"","meta":[],"product_cat":[9897],"product_tag":[9853],"class_list":{"0":"post-229354","1":"product","2":"type-product","3":"status-publish","4":"has-post-thumbnail","6":"product_brand-pichler-austrija","7":"product_cat-reples-fiksavimo-ziedams","8":"product_tag-pichler-austrija","10":"first","11":"instock","12":"purchasable","13":"product-type-simple"},"jetpack_sharing_enabled":true,"_links":{"self":[{"href":"https:\/\/irankiuzona.lt\/ru\/wp-json\/wp\/v2\/product\/229354","targetHints":{"allow":["GET"]}}],"collection":[{"href":"https:\/\/irankiuzona.lt\/ru\/wp-json\/wp\/v2\/product"}],"about":[{"href":"https:\/\/irankiuzona.lt\/ru\/wp-json\/wp\/v2\/types\/product"}],"replies":[{"embeddable":true,"href":"https:\/\/irankiuzona.lt\/ru\/wp-json\/wp\/v2\/comments?post=229354"}],"version-history":[{"count":1,"href":"https:\/\/irankiuzona.lt\/ru\/wp-json\/wp\/v2\/product\/229354\/revisions"}],"predecessor-version":[{"id":428170,"href":"https:\/\/irankiuzona.lt\/ru\/wp-json\/wp\/v2\/product\/229354\/revisions\/428170"}],"wp:featuredmedia":[{"embeddable":true,"href":"https:\/\/irankiuzona.lt\/ru\/wp-json\/wp\/v2\/media\/229356"}],"wp:attachment":[{"href":"https:\/\/irankiuzona.lt\/ru\/wp-json\/wp\/v2\/media?parent=229354"}],"wp:term":[{"taxonomy":"product_cat","embeddable":true,"href":"https:\/\/irankiuzona.lt\/ru\/wp-json\/wp\/v2\/product_cat?post=229354"},{"taxonomy":"product_tag","embeddable":true,"href":"https:\/\/irankiuzona.lt\/ru\/wp-json\/wp\/v2\/product_tag?post=229354"}],"curies":[{"name":"wp","href":"https:\/\/api.w.org\/{rel}","templated":true}]}}