{"id":229645,"date":"2024-09-29T02:50:16","date_gmt":"2024-09-29T02:50:16","guid":{"rendered":"https:\/\/irankiuzona.lt\/product\/lekstele-tepalo-filtrui-74mm-14kamp\/"},"modified":"2026-04-13T07:59:16","modified_gmt":"2026-04-13T07:59:16","slug":"lekstele-tepalo-filtrui-74mm-14kamp","status":"publish","type":"product","link":"https:\/\/irankiuzona.lt\/ru\/product\/lekstele-tepalo-filtrui-74mm-14kamp\/","title":{"rendered":"L\u0117k\u0161tel\u0117 tepalo filtrui 74mm-14kamp."},"content":{"rendered":"<p>\u2022 Used for removal and installation oil filters of internal combustion engines.<br \/>\n\u2022 Made by the method of precision casting from aluminum alloy.<br \/>\n\u2022 Has internal 1\/2&quot; (12,5mm) square drive that allows to use tap wrenches and extensions, also to install a fi<\/p>","protected":false},"excerpt":{"rendered":"<p>L\u0117k\u0161tel\u0117 tepalo filtrui 74mm-14kamp.<\/p>","protected":false},"featured_media":229647,"comment_status":"open","ping_status":"open","template":"","meta":[],"product_cat":[9705],"product_tag":[9898],"class_list":{"0":"post-229645","1":"product","2":"type-product","3":"status-publish","4":"has-post-thumbnail","6":"product_brand-avtodelo","7":"product_cat-galvutes-tepalo-filtrui","8":"product_tag-avtodelo","10":"first","11":"outofstock","12":"purchasable","13":"product-type-simple"},"jetpack_sharing_enabled":true,"_links":{"self":[{"href":"https:\/\/irankiuzona.lt\/ru\/wp-json\/wp\/v2\/product\/229645","targetHints":{"allow":["GET"]}}],"collection":[{"href":"https:\/\/irankiuzona.lt\/ru\/wp-json\/wp\/v2\/product"}],"about":[{"href":"https:\/\/irankiuzona.lt\/ru\/wp-json\/wp\/v2\/types\/product"}],"replies":[{"embeddable":true,"href":"https:\/\/irankiuzona.lt\/ru\/wp-json\/wp\/v2\/comments?post=229645"}],"version-history":[{"count":1,"href":"https:\/\/irankiuzona.lt\/ru\/wp-json\/wp\/v2\/product\/229645\/revisions"}],"predecessor-version":[{"id":411818,"href":"https:\/\/irankiuzona.lt\/ru\/wp-json\/wp\/v2\/product\/229645\/revisions\/411818"}],"wp:featuredmedia":[{"embeddable":true,"href":"https:\/\/irankiuzona.lt\/ru\/wp-json\/wp\/v2\/media\/229647"}],"wp:attachment":[{"href":"https:\/\/irankiuzona.lt\/ru\/wp-json\/wp\/v2\/media?parent=229645"}],"wp:term":[{"taxonomy":"product_cat","embeddable":true,"href":"https:\/\/irankiuzona.lt\/ru\/wp-json\/wp\/v2\/product_cat?post=229645"},{"taxonomy":"product_tag","embeddable":true,"href":"https:\/\/irankiuzona.lt\/ru\/wp-json\/wp\/v2\/product_tag?post=229645"}],"curies":[{"name":"wp","href":"https:\/\/api.w.org\/{rel}","templated":true}]}}