{"id":229781,"date":"2024-09-29T02:50:29","date_gmt":"2024-09-29T02:50:29","guid":{"rendered":"https:\/\/irankiuzona.lt\/product\/terksle-1-2-72dant-250-mm\/"},"modified":"2026-05-14T04:32:30","modified_gmt":"2026-05-14T04:32:30","slug":"terksle-1-2-72dant-250-mm","status":"publish","type":"product","link":"https:\/\/irankiuzona.lt\/ru\/product\/terksle-1-2-72dant-250-mm\/","title":{"rendered":"Terk\u0161l\u0117 1\/2 72dant., 250 mm"},"content":{"rendered":"<p>Galimas papildomas sukimas \u017eiedu.Xcess Performance terk\u0161l\u0117<\/p>\n<p>Form<\/p>\n<p>finger disc<\/p>\n<p>Drive<\/p>\n<p>1\/2&quot;<\/p>\n<p>Teeth<\/p>\n<p>72<\/p>\n<p>Length<\/p>\n<p>250 mm<\/p>\n<p>Material<\/p>\n<p>chrome vanadium steel<\/p>\n<p>Quick Release<\/p>\n<p>Quick Release<\/p>","protected":false},"excerpt":{"rendered":"<p>Terk\u0161l\u0117 1\/2 72dant., 250 mm XcessPerformance<\/p>","protected":false},"featured_media":229783,"comment_status":"open","ping_status":"open","template":"","meta":[],"product_cat":[9507],"product_tag":[9462],"class_list":{"0":"post-229781","1":"product","2":"type-product","3":"status-publish","4":"has-post-thumbnail","6":"product_brand-condor-werkzeug-vokietija","7":"product_cat-terksles-galvutems","8":"product_tag-condor-werkzeug-vokietija","10":"first","11":"instock","12":"purchasable","13":"product-type-simple"},"jetpack_sharing_enabled":true,"_links":{"self":[{"href":"https:\/\/irankiuzona.lt\/ru\/wp-json\/wp\/v2\/product\/229781","targetHints":{"allow":["GET"]}}],"collection":[{"href":"https:\/\/irankiuzona.lt\/ru\/wp-json\/wp\/v2\/product"}],"about":[{"href":"https:\/\/irankiuzona.lt\/ru\/wp-json\/wp\/v2\/types\/product"}],"replies":[{"embeddable":true,"href":"https:\/\/irankiuzona.lt\/ru\/wp-json\/wp\/v2\/comments?post=229781"}],"version-history":[{"count":1,"href":"https:\/\/irankiuzona.lt\/ru\/wp-json\/wp\/v2\/product\/229781\/revisions"}],"predecessor-version":[{"id":411859,"href":"https:\/\/irankiuzona.lt\/ru\/wp-json\/wp\/v2\/product\/229781\/revisions\/411859"}],"wp:featuredmedia":[{"embeddable":true,"href":"https:\/\/irankiuzona.lt\/ru\/wp-json\/wp\/v2\/media\/229783"}],"wp:attachment":[{"href":"https:\/\/irankiuzona.lt\/ru\/wp-json\/wp\/v2\/media?parent=229781"}],"wp:term":[{"taxonomy":"product_cat","embeddable":true,"href":"https:\/\/irankiuzona.lt\/ru\/wp-json\/wp\/v2\/product_cat?post=229781"},{"taxonomy":"product_tag","embeddable":true,"href":"https:\/\/irankiuzona.lt\/ru\/wp-json\/wp\/v2\/product_tag?post=229781"}],"curies":[{"name":"wp","href":"https:\/\/api.w.org\/{rel}","templated":true}]}}