{"id":229839,"date":"2024-09-29T02:50:35","date_gmt":"2024-09-29T02:50:35","guid":{"rendered":"https:\/\/irankiuzona.lt\/product\/ikraunama-lempa-led-61-300lm100lm-brennenstuhl\/"},"modified":"2026-02-20T06:35:32","modified_gmt":"2026-02-20T06:35:32","slug":"ikraunama-lempa-led-61-300lm100lm-brennenstuhl","status":"publish","type":"product","link":"https:\/\/irankiuzona.lt\/ru\/product\/ikraunama-lempa-led-61-300lm100lm-brennenstuhl\/","title":{"rendered":"\u012ekraunama lempa \/ LED 6+1 \/ 300Lm+100Lm \/ BRENNENSTUHL"},"content":{"rendered":"<p>Techniniai duomenys:<\/p>\n<p>\u0160viesos \u0161altinis<br \/>\nLED<\/p>\n<p>\u0160viesos stiprumas<br \/>\n300 lm (+100 lm)<\/p>\n<p>\u0160viesos diod\u0173 skai\u010dius<br \/>\n7 (6x SMD +1x CREE)<\/p>\n<p>\u0160viesos re\u017eimai<br \/>\n2<\/p>\n<p>Med\u017eiaga<br \/>\nplastikas<\/p>\n<p>Spalva<br \/>\njuoda<\/p>\n<p>Maitinimop \u0161altinis<br \/>\nintegruotas akumuliatorius<\/p>\n<p>Akumuliatorius<br \/>\nLi-ion (2200 m\u0410h)<\/p>\n<p>Darbo re\u017eimas<br \/>\n3 h (+10h)<\/p>\n<p>I\u0161matavimai ilgis\/plotis<br \/>\n275\/65 mm<\/p>","protected":false},"excerpt":{"rendered":"<p>\u012ekraunama darbo\/ap\u017ei\u016br\u0117jimo lempa \/ LED 6+1 \/ 300Lm+100Lm \/ BRENNENSTUHL<\/p>","protected":false},"featured_media":229841,"comment_status":"open","ping_status":"open","template":"","meta":[],"product_cat":[9854],"product_tag":[9906],"class_list":{"0":"post-229839","1":"product","2":"type-product","3":"status-publish","4":"has-post-thumbnail","6":"product_brand-brennenstuhl-vokietija","7":"product_cat-lempos-ikraunamos","8":"product_tag-brennenstuhl-vokietija","10":"first","11":"outofstock","12":"purchasable","13":"product-type-simple"},"jetpack_sharing_enabled":true,"_links":{"self":[{"href":"https:\/\/irankiuzona.lt\/ru\/wp-json\/wp\/v2\/product\/229839","targetHints":{"allow":["GET"]}}],"collection":[{"href":"https:\/\/irankiuzona.lt\/ru\/wp-json\/wp\/v2\/product"}],"about":[{"href":"https:\/\/irankiuzona.lt\/ru\/wp-json\/wp\/v2\/types\/product"}],"replies":[{"embeddable":true,"href":"https:\/\/irankiuzona.lt\/ru\/wp-json\/wp\/v2\/comments?post=229839"}],"version-history":[{"count":1,"href":"https:\/\/irankiuzona.lt\/ru\/wp-json\/wp\/v2\/product\/229839\/revisions"}],"predecessor-version":[{"id":411871,"href":"https:\/\/irankiuzona.lt\/ru\/wp-json\/wp\/v2\/product\/229839\/revisions\/411871"}],"wp:featuredmedia":[{"embeddable":true,"href":"https:\/\/irankiuzona.lt\/ru\/wp-json\/wp\/v2\/media\/229841"}],"wp:attachment":[{"href":"https:\/\/irankiuzona.lt\/ru\/wp-json\/wp\/v2\/media?parent=229839"}],"wp:term":[{"taxonomy":"product_cat","embeddable":true,"href":"https:\/\/irankiuzona.lt\/ru\/wp-json\/wp\/v2\/product_cat?post=229839"},{"taxonomy":"product_tag","embeddable":true,"href":"https:\/\/irankiuzona.lt\/ru\/wp-json\/wp\/v2\/product_tag?post=229839"}],"curies":[{"name":"wp","href":"https:\/\/api.w.org\/{rel}","templated":true}]}}