{"id":229898,"date":"2024-09-29T02:50:40","date_gmt":"2024-09-29T02:50:40","guid":{"rendered":"https:\/\/irankiuzona.lt\/product\/benzinines-zvakes-sriegio-lizdo-remonto-rinkinys-m14x125\/"},"modified":"2026-05-14T10:52:51","modified_gmt":"2026-05-14T10:52:51","slug":"benzinines-zvakes-sriegio-lizdo-remonto-rinkinys-m14x125","status":"publish","type":"product","link":"https:\/\/irankiuzona.lt\/ru\/product\/benzinines-zvakes-sriegio-lizdo-remonto-rinkinys-m14x125\/","title":{"rendered":"Benzinin\u0117s \u017evak\u0117s sriegio lizdo remonto rinkinys M14x1,25"},"content":{"rendered":"<p>M14 x 1,25 mm 4 \u012fvor\u0117s \u012evori\u0173 ilgis &#8211; 9,5 \/ 11,1 \/ 12,7 \/ 19,0 mm<\/p>","protected":false},"excerpt":{"rendered":"<p>Benzinin\u0117s \u017evak\u0117s sriegio lizdo remonto rinkinys M14x1,25<\/p>","protected":false},"featured_media":229900,"comment_status":"open","ping_status":"open","template":"","meta":[],"product_cat":[9686],"product_tag":[9898],"class_list":{"0":"post-229898","1":"product","2":"type-product","3":"status-publish","4":"has-post-thumbnail","6":"product_brand-avtodelo","7":"product_cat-sriegiai-ivores-zvakems","8":"product_tag-avtodelo","10":"first","11":"outofstock","12":"purchasable","13":"product-type-simple"},"jetpack_sharing_enabled":true,"_links":{"self":[{"href":"https:\/\/irankiuzona.lt\/ru\/wp-json\/wp\/v2\/product\/229898","targetHints":{"allow":["GET"]}}],"collection":[{"href":"https:\/\/irankiuzona.lt\/ru\/wp-json\/wp\/v2\/product"}],"about":[{"href":"https:\/\/irankiuzona.lt\/ru\/wp-json\/wp\/v2\/types\/product"}],"replies":[{"embeddable":true,"href":"https:\/\/irankiuzona.lt\/ru\/wp-json\/wp\/v2\/comments?post=229898"}],"version-history":[{"count":1,"href":"https:\/\/irankiuzona.lt\/ru\/wp-json\/wp\/v2\/product\/229898\/revisions"}],"predecessor-version":[{"id":411884,"href":"https:\/\/irankiuzona.lt\/ru\/wp-json\/wp\/v2\/product\/229898\/revisions\/411884"}],"wp:featuredmedia":[{"embeddable":true,"href":"https:\/\/irankiuzona.lt\/ru\/wp-json\/wp\/v2\/media\/229900"}],"wp:attachment":[{"href":"https:\/\/irankiuzona.lt\/ru\/wp-json\/wp\/v2\/media?parent=229898"}],"wp:term":[{"taxonomy":"product_cat","embeddable":true,"href":"https:\/\/irankiuzona.lt\/ru\/wp-json\/wp\/v2\/product_cat?post=229898"},{"taxonomy":"product_tag","embeddable":true,"href":"https:\/\/irankiuzona.lt\/ru\/wp-json\/wp\/v2\/product_tag?post=229898"}],"curies":[{"name":"wp","href":"https:\/\/api.w.org\/{rel}","templated":true}]}}