{"id":230137,"date":"2024-09-29T02:51:03","date_gmt":"2024-09-29T02:51:03","guid":{"rendered":"https:\/\/irankiuzona.lt\/product\/skyliu-ismuseju-komplektas-5-32mm\/"},"modified":"2026-04-14T05:19:57","modified_gmt":"2026-04-14T05:19:57","slug":"skyliu-ismuseju-komplektas-5-32mm","status":"publish","type":"product","link":"https:\/\/irankiuzona.lt\/ru\/product\/skyliu-ismuseju-komplektas-5-32mm\/","title":{"rendered":"Skyli\u0173 i\u0161mu\u0161\u0117j\u0173 komplektas (5-32mm)"},"content":{"rendered":"<p>Komplekte: 5, 6, 8, 10, 12,5, 16, 20, 25, 32 mm<\/p>","protected":false},"excerpt":{"rendered":"<p>Skyli\u0173 i\u0161mu\u0161\u0117j\u0173 komplektas*10 dali\u0173\u00a0(5-32mm)<\/p>","protected":false},"featured_media":230139,"comment_status":"open","ping_status":"open","template":"","meta":[],"product_cat":[9718],"product_tag":[9898],"class_list":{"0":"post-230137","1":"product","2":"type-product","3":"status-publish","4":"has-post-thumbnail","6":"product_brand-avtodelo","7":"product_cat-skyliu-ismusejai-odai-plastikui-gumai","8":"product_tag-avtodelo","10":"first","11":"outofstock","12":"purchasable","13":"product-type-simple"},"jetpack_sharing_enabled":true,"_links":{"self":[{"href":"https:\/\/irankiuzona.lt\/ru\/wp-json\/wp\/v2\/product\/230137","targetHints":{"allow":["GET"]}}],"collection":[{"href":"https:\/\/irankiuzona.lt\/ru\/wp-json\/wp\/v2\/product"}],"about":[{"href":"https:\/\/irankiuzona.lt\/ru\/wp-json\/wp\/v2\/types\/product"}],"replies":[{"embeddable":true,"href":"https:\/\/irankiuzona.lt\/ru\/wp-json\/wp\/v2\/comments?post=230137"}],"version-history":[{"count":1,"href":"https:\/\/irankiuzona.lt\/ru\/wp-json\/wp\/v2\/product\/230137\/revisions"}],"predecessor-version":[{"id":411951,"href":"https:\/\/irankiuzona.lt\/ru\/wp-json\/wp\/v2\/product\/230137\/revisions\/411951"}],"wp:featuredmedia":[{"embeddable":true,"href":"https:\/\/irankiuzona.lt\/ru\/wp-json\/wp\/v2\/media\/230139"}],"wp:attachment":[{"href":"https:\/\/irankiuzona.lt\/ru\/wp-json\/wp\/v2\/media?parent=230137"}],"wp:term":[{"taxonomy":"product_cat","embeddable":true,"href":"https:\/\/irankiuzona.lt\/ru\/wp-json\/wp\/v2\/product_cat?post=230137"},{"taxonomy":"product_tag","embeddable":true,"href":"https:\/\/irankiuzona.lt\/ru\/wp-json\/wp\/v2\/product_tag?post=230137"}],"curies":[{"name":"wp","href":"https:\/\/api.w.org\/{rel}","templated":true}]}}