{"id":230227,"date":"2024-09-29T03:00:15","date_gmt":"2024-09-29T03:00:15","guid":{"rendered":"https:\/\/irankiuzona.lt\/product\/sugadintu-nuluzusiu-varztu-issukejai-m3-m26\/"},"modified":"2026-04-15T10:16:17","modified_gmt":"2026-04-15T10:16:17","slug":"sugadintu-nuluzusiu-varztu-issukejai-m3-m26","status":"publish","type":"product","link":"https:\/\/irankiuzona.lt\/ru\/product\/sugadintu-nuluzusiu-varztu-issukejai-m3-m26\/","title":{"rendered":"Sugadint\u0173\/nul\u016b\u017eusi\u0173 var\u017et\u0173 i\u0161suk\u0117jai M3-M26"},"content":{"rendered":"<p>M3-M26<\/p>","protected":false},"excerpt":{"rendered":"<p>Sugadint\u0173\/nul\u016b\u017eusi\u0173 var\u017et\u0173 i\u0161suk\u0117jai M3-M26<\/p>","protected":false},"featured_media":230229,"comment_status":"open","ping_status":"open","template":"","meta":[],"product_cat":[9557],"product_tag":[9898],"class_list":{"0":"post-230227","1":"product","2":"type-product","3":"status-publish","4":"has-post-thumbnail","6":"product_brand-avtodelo","7":"product_cat-nulauztu-varztu-issukimo-irankiai","8":"product_tag-avtodelo","10":"first","11":"instock","12":"purchasable","13":"product-type-simple"},"jetpack_sharing_enabled":true,"_links":{"self":[{"href":"https:\/\/irankiuzona.lt\/ru\/wp-json\/wp\/v2\/product\/230227","targetHints":{"allow":["GET"]}}],"collection":[{"href":"https:\/\/irankiuzona.lt\/ru\/wp-json\/wp\/v2\/product"}],"about":[{"href":"https:\/\/irankiuzona.lt\/ru\/wp-json\/wp\/v2\/types\/product"}],"replies":[{"embeddable":true,"href":"https:\/\/irankiuzona.lt\/ru\/wp-json\/wp\/v2\/comments?post=230227"}],"version-history":[{"count":1,"href":"https:\/\/irankiuzona.lt\/ru\/wp-json\/wp\/v2\/product\/230227\/revisions"}],"predecessor-version":[{"id":411976,"href":"https:\/\/irankiuzona.lt\/ru\/wp-json\/wp\/v2\/product\/230227\/revisions\/411976"}],"wp:featuredmedia":[{"embeddable":true,"href":"https:\/\/irankiuzona.lt\/ru\/wp-json\/wp\/v2\/media\/230229"}],"wp:attachment":[{"href":"https:\/\/irankiuzona.lt\/ru\/wp-json\/wp\/v2\/media?parent=230227"}],"wp:term":[{"taxonomy":"product_cat","embeddable":true,"href":"https:\/\/irankiuzona.lt\/ru\/wp-json\/wp\/v2\/product_cat?post=230227"},{"taxonomy":"product_tag","embeddable":true,"href":"https:\/\/irankiuzona.lt\/ru\/wp-json\/wp\/v2\/product_tag?post=230227"}],"curies":[{"name":"wp","href":"https:\/\/api.w.org\/{rel}","templated":true}]}}