{"id":230343,"date":"2024-09-29T03:00:29","date_gmt":"2024-09-29T03:00:29","guid":{"rendered":"https:\/\/irankiuzona.lt\/product\/smuginiu-ilgu-galvuciu-komplektas-1-2-12-kampes-303236-mm\/"},"modified":"2026-04-05T09:33:03","modified_gmt":"2026-04-05T09:33:03","slug":"smuginiu-ilgu-galvuciu-komplektas-1-2-12-kampes-303236-mm","status":"publish","type":"product","link":"https:\/\/irankiuzona.lt\/ru\/product\/smuginiu-ilgu-galvuciu-komplektas-1-2-12-kampes-303236-mm\/","title":{"rendered":"Sm\u016bgini\u0173 ilg\u0173 galvu\u010di\u0173 komplektas 1\/2&quot; 12-kamp\u0117s (30,32,36 mm)"},"content":{"rendered":"<p>Komplekte: 30mm, 32mm, 36mm 1\/2 12kamp\u0173 85mm auk\u0161\u010dio<\/p>","protected":false},"excerpt":{"rendered":"<p>Sm\u016bgini\u0173 ilg\u0173 galvu\u010di\u0173 komplektas 1\/2&quot; 12-kamp\u0117s (30,32,36 mm)<\/p>","protected":false},"featured_media":230345,"comment_status":"open","ping_status":"open","template":"","meta":[],"product_cat":[9499],"product_tag":[9462],"class_list":{"0":"post-230343","1":"product","2":"type-product","3":"status-publish","4":"has-post-thumbnail","6":"product_brand-condor-werkzeug-vokietija","7":"product_cat-smuginiu-galvuciu-komplektai","8":"product_tag-condor-werkzeug-vokietija","10":"first","11":"instock","12":"purchasable","13":"product-type-simple"},"jetpack_sharing_enabled":true,"_links":{"self":[{"href":"https:\/\/irankiuzona.lt\/ru\/wp-json\/wp\/v2\/product\/230343","targetHints":{"allow":["GET"]}}],"collection":[{"href":"https:\/\/irankiuzona.lt\/ru\/wp-json\/wp\/v2\/product"}],"about":[{"href":"https:\/\/irankiuzona.lt\/ru\/wp-json\/wp\/v2\/types\/product"}],"replies":[{"embeddable":true,"href":"https:\/\/irankiuzona.lt\/ru\/wp-json\/wp\/v2\/comments?post=230343"}],"version-history":[{"count":0,"href":"https:\/\/irankiuzona.lt\/ru\/wp-json\/wp\/v2\/product\/230343\/revisions"}],"wp:featuredmedia":[{"embeddable":true,"href":"https:\/\/irankiuzona.lt\/ru\/wp-json\/wp\/v2\/media\/230345"}],"wp:attachment":[{"href":"https:\/\/irankiuzona.lt\/ru\/wp-json\/wp\/v2\/media?parent=230343"}],"wp:term":[{"taxonomy":"product_cat","embeddable":true,"href":"https:\/\/irankiuzona.lt\/ru\/wp-json\/wp\/v2\/product_cat?post=230343"},{"taxonomy":"product_tag","embeddable":true,"href":"https:\/\/irankiuzona.lt\/ru\/wp-json\/wp\/v2\/product_tag?post=230343"}],"curies":[{"name":"wp","href":"https:\/\/api.w.org\/{rel}","templated":true}]}}