{"id":230405,"date":"2024-09-29T03:00:36","date_gmt":"2024-09-29T03:00:36","guid":{"rendered":"https:\/\/irankiuzona.lt\/product\/sepetys-lekstele-125-mm-m14\/"},"modified":"2026-05-15T06:55:22","modified_gmt":"2026-05-15T06:55:22","slug":"sepetys-lekstele-125-mm-m14","status":"publish","type":"product","link":"https:\/\/irankiuzona.lt\/ru\/product\/sepetys-lekstele-125-mm-m14\/","title":{"rendered":"\u0160epetys l\u0117k\u0161tel\u0117 125 mm, M14"},"content":{"rendered":"<p>Diametras: 125 mm<br \/>\nSriegis: M14<\/p>","protected":false},"excerpt":{"rendered":"<p>\u0160epetys l\u0117k\u0161tel\u0117 125 mm, M14<\/p>","protected":false},"featured_media":230407,"comment_status":"open","ping_status":"open","template":"","meta":[],"product_cat":[9450],"product_tag":[9628],"class_list":{"0":"post-230405","1":"product","2":"type-product","3":"status-publish","4":"has-post-thumbnail","6":"product_brand-condor-lenkija","7":"product_cat-sepeciai-greztuvui-slif-pj-irankiui","8":"product_tag-condor-lenkija","10":"first","11":"instock","12":"purchasable","13":"product-type-simple"},"jetpack_sharing_enabled":true,"_links":{"self":[{"href":"https:\/\/irankiuzona.lt\/ru\/wp-json\/wp\/v2\/product\/230405","targetHints":{"allow":["GET"]}}],"collection":[{"href":"https:\/\/irankiuzona.lt\/ru\/wp-json\/wp\/v2\/product"}],"about":[{"href":"https:\/\/irankiuzona.lt\/ru\/wp-json\/wp\/v2\/types\/product"}],"replies":[{"embeddable":true,"href":"https:\/\/irankiuzona.lt\/ru\/wp-json\/wp\/v2\/comments?post=230405"}],"version-history":[{"count":1,"href":"https:\/\/irankiuzona.lt\/ru\/wp-json\/wp\/v2\/product\/230405\/revisions"}],"predecessor-version":[{"id":412025,"href":"https:\/\/irankiuzona.lt\/ru\/wp-json\/wp\/v2\/product\/230405\/revisions\/412025"}],"wp:featuredmedia":[{"embeddable":true,"href":"https:\/\/irankiuzona.lt\/ru\/wp-json\/wp\/v2\/media\/230407"}],"wp:attachment":[{"href":"https:\/\/irankiuzona.lt\/ru\/wp-json\/wp\/v2\/media?parent=230405"}],"wp:term":[{"taxonomy":"product_cat","embeddable":true,"href":"https:\/\/irankiuzona.lt\/ru\/wp-json\/wp\/v2\/product_cat?post=230405"},{"taxonomy":"product_tag","embeddable":true,"href":"https:\/\/irankiuzona.lt\/ru\/wp-json\/wp\/v2\/product_tag?post=230405"}],"curies":[{"name":"wp","href":"https:\/\/api.w.org\/{rel}","templated":true}]}}