{"id":230652,"date":"2024-09-29T03:01:03","date_gmt":"2024-09-29T03:01:03","guid":{"rendered":"https:\/\/irankiuzona.lt\/product\/ratu-stebules-nuemejas-su-atbuliniu-plaktukuantgaliais-17vnt\/"},"modified":"2025-03-26T12:50:48","modified_gmt":"2025-03-26T12:50:48","slug":"ratu-stebules-nuemejas-su-atbuliniu-plaktukuantgaliais-17vnt","status":"publish","type":"product","link":"https:\/\/irankiuzona.lt\/ru\/product\/ratu-stebules-nuemejas-su-atbuliniu-plaktukuantgaliais-17vnt\/","title":{"rendered":"Rat\u0173 stebul\u0117s nu\u0117m\u0117jas su atbuliniu plaktuku+antgaliais 17vnt."},"content":{"rendered":"<p>\u2022 Intended for dismantling parts that require a reverse impact load. \u2022 Tool allows to use it for repairment of automobile equipment, in the industry and for self repair. \u2022 Instrument parts are made of tool steel with a subsequent heat treatment. \u2022 Pull<\/p>","protected":false},"excerpt":{"rendered":"<p>Rat\u0173 stebul\u0117s nu\u0117m\u0117jas su atbuliniu plaktuku+antgaliais 17vnt.<\/p>","protected":false},"featured_media":171636,"comment_status":"open","ping_status":"open","template":"","meta":[],"product_cat":[9534],"product_tag":[9898],"class_list":{"0":"post-230652","1":"product","2":"type-product","3":"status-publish","4":"has-post-thumbnail","6":"product_brand-avtodelo","7":"product_cat-stabdziu-remonto-nuorinimo-irankiai","8":"product_tag-avtodelo","10":"first","11":"outofstock","12":"purchasable","13":"product-type-simple"},"jetpack_sharing_enabled":true,"_links":{"self":[{"href":"https:\/\/irankiuzona.lt\/ru\/wp-json\/wp\/v2\/product\/230652","targetHints":{"allow":["GET"]}}],"collection":[{"href":"https:\/\/irankiuzona.lt\/ru\/wp-json\/wp\/v2\/product"}],"about":[{"href":"https:\/\/irankiuzona.lt\/ru\/wp-json\/wp\/v2\/types\/product"}],"replies":[{"embeddable":true,"href":"https:\/\/irankiuzona.lt\/ru\/wp-json\/wp\/v2\/comments?post=230652"}],"version-history":[{"count":0,"href":"https:\/\/irankiuzona.lt\/ru\/wp-json\/wp\/v2\/product\/230652\/revisions"}],"wp:featuredmedia":[{"embeddable":true,"href":"https:\/\/irankiuzona.lt\/ru\/wp-json\/wp\/v2\/media\/171636"}],"wp:attachment":[{"href":"https:\/\/irankiuzona.lt\/ru\/wp-json\/wp\/v2\/media?parent=230652"}],"wp:term":[{"taxonomy":"product_cat","embeddable":true,"href":"https:\/\/irankiuzona.lt\/ru\/wp-json\/wp\/v2\/product_cat?post=230652"},{"taxonomy":"product_tag","embeddable":true,"href":"https:\/\/irankiuzona.lt\/ru\/wp-json\/wp\/v2\/product_tag?post=230652"}],"curies":[{"name":"wp","href":"https:\/\/api.w.org\/{rel}","templated":true}]}}