{"id":230693,"date":"2024-09-29T03:10:07","date_gmt":"2024-09-29T03:10:07","guid":{"rendered":"https:\/\/irankiuzona.lt\/product\/purkstuku-frezos-raiberiai-7daliu\/"},"modified":"2026-04-12T12:46:18","modified_gmt":"2026-04-12T12:46:18","slug":"purkstuku-frezos-raiberiai-7daliu","status":"publish","type":"product","link":"https:\/\/irankiuzona.lt\/ru\/product\/purkstuku-frezos-raiberiai-7daliu\/","title":{"rendered":"Purk\u0161tuk\u0173 frezos &#8211; raiberiai 7dali\u0173"},"content":{"rendered":"<p>15&#215;19 mm 17&#215;17 mm 17&#215;17 mm 17&#215;19 mm 17&#215;21 mm<\/p>","protected":false},"excerpt":{"rendered":"<p>Purk\u0161tuk\u0173 frezos &#8211; raiberiai 7dali\u0173<\/p>","protected":false},"featured_media":230695,"comment_status":"open","ping_status":"open","template":"","meta":[],"product_cat":[9698],"product_tag":[9898],"class_list":{"0":"post-230693","1":"product","2":"type-product","3":"status-publish","4":"has-post-thumbnail","6":"product_brand-avtodelo","7":"product_cat-frezos-raiberiai-purkstukams","8":"product_tag-avtodelo","10":"first","11":"outofstock","12":"purchasable","13":"product-type-simple"},"jetpack_sharing_enabled":true,"_links":{"self":[{"href":"https:\/\/irankiuzona.lt\/ru\/wp-json\/wp\/v2\/product\/230693","targetHints":{"allow":["GET"]}}],"collection":[{"href":"https:\/\/irankiuzona.lt\/ru\/wp-json\/wp\/v2\/product"}],"about":[{"href":"https:\/\/irankiuzona.lt\/ru\/wp-json\/wp\/v2\/types\/product"}],"replies":[{"embeddable":true,"href":"https:\/\/irankiuzona.lt\/ru\/wp-json\/wp\/v2\/comments?post=230693"}],"version-history":[{"count":1,"href":"https:\/\/irankiuzona.lt\/ru\/wp-json\/wp\/v2\/product\/230693\/revisions"}],"predecessor-version":[{"id":412109,"href":"https:\/\/irankiuzona.lt\/ru\/wp-json\/wp\/v2\/product\/230693\/revisions\/412109"}],"wp:featuredmedia":[{"embeddable":true,"href":"https:\/\/irankiuzona.lt\/ru\/wp-json\/wp\/v2\/media\/230695"}],"wp:attachment":[{"href":"https:\/\/irankiuzona.lt\/ru\/wp-json\/wp\/v2\/media?parent=230693"}],"wp:term":[{"taxonomy":"product_cat","embeddable":true,"href":"https:\/\/irankiuzona.lt\/ru\/wp-json\/wp\/v2\/product_cat?post=230693"},{"taxonomy":"product_tag","embeddable":true,"href":"https:\/\/irankiuzona.lt\/ru\/wp-json\/wp\/v2\/product_tag?post=230693"}],"curies":[{"name":"wp","href":"https:\/\/api.w.org\/{rel}","templated":true}]}}