{"id":230720,"date":"2024-09-29T03:10:10","date_gmt":"2024-09-29T03:10:10","guid":{"rendered":"https:\/\/irankiuzona.lt\/product\/ilgu-galvuciu-komplektas-1-2-12kamp-10-22-mm\/"},"modified":"2026-05-15T04:42:15","modified_gmt":"2026-05-15T04:42:15","slug":"ilgu-galvuciu-komplektas-1-2-12kamp-10-22-mm","status":"publish","type":"product","link":"https:\/\/irankiuzona.lt\/ru\/product\/ilgu-galvuciu-komplektas-1-2-12kamp-10-22-mm\/","title":{"rendered":"Ilg\u0173 galvu\u010di\u0173 komplektas 1\/2&quot; 12kamp. (10-22 mm)"},"content":{"rendered":"<p>Lizdas 1\/2\u00a0 Ilgis 77mm Komplekte:\u00a010, 11, 12, 13, 14, 15, 16, 17, 18, 19, 21, 22 mm.<\/p>","protected":false},"excerpt":{"rendered":"<p>Ilg\u0173 galvu\u010di\u0173 komplektas 1\/2&quot; 12kamp. (10-22 mm)<\/p>","protected":false},"featured_media":230722,"comment_status":"open","ping_status":"open","template":"","meta":[],"product_cat":[9494],"product_tag":[9898],"class_list":{"0":"post-230720","1":"product","2":"type-product","3":"status-publish","4":"has-post-thumbnail","6":"product_brand-avtodelo","7":"product_cat-1-2-125-mm-galvuciu-komplektai","8":"product_tag-avtodelo","10":"first","11":"instock","12":"purchasable","13":"product-type-simple"},"jetpack_sharing_enabled":true,"_links":{"self":[{"href":"https:\/\/irankiuzona.lt\/ru\/wp-json\/wp\/v2\/product\/230720","targetHints":{"allow":["GET"]}}],"collection":[{"href":"https:\/\/irankiuzona.lt\/ru\/wp-json\/wp\/v2\/product"}],"about":[{"href":"https:\/\/irankiuzona.lt\/ru\/wp-json\/wp\/v2\/types\/product"}],"replies":[{"embeddable":true,"href":"https:\/\/irankiuzona.lt\/ru\/wp-json\/wp\/v2\/comments?post=230720"}],"version-history":[{"count":1,"href":"https:\/\/irankiuzona.lt\/ru\/wp-json\/wp\/v2\/product\/230720\/revisions"}],"predecessor-version":[{"id":412116,"href":"https:\/\/irankiuzona.lt\/ru\/wp-json\/wp\/v2\/product\/230720\/revisions\/412116"}],"wp:featuredmedia":[{"embeddable":true,"href":"https:\/\/irankiuzona.lt\/ru\/wp-json\/wp\/v2\/media\/230722"}],"wp:attachment":[{"href":"https:\/\/irankiuzona.lt\/ru\/wp-json\/wp\/v2\/media?parent=230720"}],"wp:term":[{"taxonomy":"product_cat","embeddable":true,"href":"https:\/\/irankiuzona.lt\/ru\/wp-json\/wp\/v2\/product_cat?post=230720"},{"taxonomy":"product_tag","embeddable":true,"href":"https:\/\/irankiuzona.lt\/ru\/wp-json\/wp\/v2\/product_tag?post=230720"}],"curies":[{"name":"wp","href":"https:\/\/api.w.org\/{rel}","templated":true}]}}