{"id":230741,"date":"2024-09-29T03:10:12","date_gmt":"2024-09-29T03:10:12","guid":{"rendered":"https:\/\/irankiuzona.lt\/product\/karterio-varztu-rem-komplektas-m1515\/"},"modified":"2026-04-16T06:43:45","modified_gmt":"2026-04-16T06:43:45","slug":"karterio-varztu-rem-komplektas-m1515","status":"publish","type":"product","link":"https:\/\/irankiuzona.lt\/ru\/product\/karterio-varztu-rem-komplektas-m1515\/","title":{"rendered":"Karterio var\u017et\u0173 rem. komplektas M15*1,5"},"content":{"rendered":"<p>Komplekte: sriegiklis M15x1,5 6 var\u017etai su pover\u017el\u0117mis M15x1,5<\/p>","protected":false},"excerpt":{"rendered":"<p>Karterio var\u017et\u0173 rem. komplektas M15*1,5<\/p>","protected":false},"featured_media":230743,"comment_status":"open","ping_status":"open","template":"","meta":[],"product_cat":[9655],"product_tag":[9898],"class_list":{"0":"post-230741","1":"product","2":"type-product","3":"status-publish","4":"has-post-thumbnail","6":"product_brand-avtodelo","7":"product_cat-sugadintam-karterio-sriegiui","8":"product_tag-avtodelo","10":"first","11":"outofstock","12":"purchasable","13":"product-type-simple"},"jetpack_sharing_enabled":true,"_links":{"self":[{"href":"https:\/\/irankiuzona.lt\/ru\/wp-json\/wp\/v2\/product\/230741","targetHints":{"allow":["GET"]}}],"collection":[{"href":"https:\/\/irankiuzona.lt\/ru\/wp-json\/wp\/v2\/product"}],"about":[{"href":"https:\/\/irankiuzona.lt\/ru\/wp-json\/wp\/v2\/types\/product"}],"replies":[{"embeddable":true,"href":"https:\/\/irankiuzona.lt\/ru\/wp-json\/wp\/v2\/comments?post=230741"}],"version-history":[{"count":1,"href":"https:\/\/irankiuzona.lt\/ru\/wp-json\/wp\/v2\/product\/230741\/revisions"}],"predecessor-version":[{"id":412122,"href":"https:\/\/irankiuzona.lt\/ru\/wp-json\/wp\/v2\/product\/230741\/revisions\/412122"}],"wp:featuredmedia":[{"embeddable":true,"href":"https:\/\/irankiuzona.lt\/ru\/wp-json\/wp\/v2\/media\/230743"}],"wp:attachment":[{"href":"https:\/\/irankiuzona.lt\/ru\/wp-json\/wp\/v2\/media?parent=230741"}],"wp:term":[{"taxonomy":"product_cat","embeddable":true,"href":"https:\/\/irankiuzona.lt\/ru\/wp-json\/wp\/v2\/product_cat?post=230741"},{"taxonomy":"product_tag","embeddable":true,"href":"https:\/\/irankiuzona.lt\/ru\/wp-json\/wp\/v2\/product_tag?post=230741"}],"curies":[{"name":"wp","href":"https:\/\/api.w.org\/{rel}","templated":true}]}}