{"id":230830,"date":"2024-09-29T03:10:20","date_gmt":"2024-09-29T03:10:20","guid":{"rendered":"https:\/\/irankiuzona.lt\/product\/reples-stumoklio-ziedams-40-100mm\/"},"modified":"2026-04-04T18:15:34","modified_gmt":"2026-04-04T18:15:34","slug":"reples-stumoklio-ziedams-40-100mm","status":"publish","type":"product","link":"https:\/\/irankiuzona.lt\/ru\/product\/reples-stumoklio-ziedams-40-100mm\/","title":{"rendered":"Repl\u0117s st\u016bmoklio \u017eiedams 40-100mm"},"content":{"rendered":"<p>\u2022 It is used for installation of piston rings on the piston during the major repair of internal combustion engines. \u2022 It provides equal declampin of the rings, reducing possibility of damage during instalation. \u2022 Protected from corrosion by chromium pro<\/p>","protected":false},"excerpt":{"rendered":"<p>Repl\u0117s st\u016bmoklio \u017eiedams 40-100mm<\/p>","protected":false},"featured_media":230832,"comment_status":"open","ping_status":"open","template":"","meta":[],"product_cat":[9586],"product_tag":[9898],"class_list":{"0":"post-230830","1":"product","2":"type-product","3":"status-publish","4":"has-post-thumbnail","6":"product_brand-avtodelo","7":"product_cat-irankiai-stumoklio-ziedams","8":"product_tag-avtodelo","10":"first","11":"outofstock","12":"purchasable","13":"product-type-simple"},"jetpack_sharing_enabled":true,"_links":{"self":[{"href":"https:\/\/irankiuzona.lt\/ru\/wp-json\/wp\/v2\/product\/230830","targetHints":{"allow":["GET"]}}],"collection":[{"href":"https:\/\/irankiuzona.lt\/ru\/wp-json\/wp\/v2\/product"}],"about":[{"href":"https:\/\/irankiuzona.lt\/ru\/wp-json\/wp\/v2\/types\/product"}],"replies":[{"embeddable":true,"href":"https:\/\/irankiuzona.lt\/ru\/wp-json\/wp\/v2\/comments?post=230830"}],"version-history":[{"count":0,"href":"https:\/\/irankiuzona.lt\/ru\/wp-json\/wp\/v2\/product\/230830\/revisions"}],"wp:featuredmedia":[{"embeddable":true,"href":"https:\/\/irankiuzona.lt\/ru\/wp-json\/wp\/v2\/media\/230832"}],"wp:attachment":[{"href":"https:\/\/irankiuzona.lt\/ru\/wp-json\/wp\/v2\/media?parent=230830"}],"wp:term":[{"taxonomy":"product_cat","embeddable":true,"href":"https:\/\/irankiuzona.lt\/ru\/wp-json\/wp\/v2\/product_cat?post=230830"},{"taxonomy":"product_tag","embeddable":true,"href":"https:\/\/irankiuzona.lt\/ru\/wp-json\/wp\/v2\/product_tag?post=230830"}],"curies":[{"name":"wp","href":"https:\/\/api.w.org\/{rel}","templated":true}]}}