{"id":230972,"date":"2024-09-29T03:10:34","date_gmt":"2024-09-29T03:10:34","guid":{"rendered":"https:\/\/irankiuzona.lt\/product\/siaurapjuklio-gelezte-medziui-ir-plastikui-155-mm-2-vnt\/"},"modified":"2026-04-04T18:15:47","modified_gmt":"2026-04-04T18:15:47","slug":"siaurapjuklio-gelezte-medziui-ir-plastikui-155-mm-2-vnt","status":"publish","type":"product","link":"https:\/\/irankiuzona.lt\/ru\/product\/siaurapjuklio-gelezte-medziui-ir-plastikui-155-mm-2-vnt\/","title":{"rendered":"Siaurapj\u016bklio gele\u017et\u0117 med\u017eiui ir plastikui 155 mm, 2 vnt"},"content":{"rendered":"<p>Med\u017eiui ir plastikui<br \/>\nDarbinis ilgis 155 mm<br \/>\n2 vnt<\/p>","protected":false},"excerpt":{"rendered":"<p>Siaurapj\u016bklio gele\u017et\u0117 med\u017eiui ir plastikui 155 mm, 2 vnt.<\/p>","protected":false},"featured_media":230974,"comment_status":"open","ping_status":"open","template":"","meta":[],"product_cat":[9624],"product_tag":[9646],"class_list":{"0":"post-230972","1":"product","2":"type-product","3":"status-publish","4":"has-post-thumbnail","6":"product_brand-drel-lenkija","7":"product_cat-geleztes-medziui","8":"product_tag-drel-lenkija","10":"first","11":"outofstock","12":"purchasable","13":"product-type-simple"},"jetpack_sharing_enabled":true,"_links":{"self":[{"href":"https:\/\/irankiuzona.lt\/ru\/wp-json\/wp\/v2\/product\/230972","targetHints":{"allow":["GET"]}}],"collection":[{"href":"https:\/\/irankiuzona.lt\/ru\/wp-json\/wp\/v2\/product"}],"about":[{"href":"https:\/\/irankiuzona.lt\/ru\/wp-json\/wp\/v2\/types\/product"}],"replies":[{"embeddable":true,"href":"https:\/\/irankiuzona.lt\/ru\/wp-json\/wp\/v2\/comments?post=230972"}],"version-history":[{"count":0,"href":"https:\/\/irankiuzona.lt\/ru\/wp-json\/wp\/v2\/product\/230972\/revisions"}],"wp:featuredmedia":[{"embeddable":true,"href":"https:\/\/irankiuzona.lt\/ru\/wp-json\/wp\/v2\/media\/230974"}],"wp:attachment":[{"href":"https:\/\/irankiuzona.lt\/ru\/wp-json\/wp\/v2\/media?parent=230972"}],"wp:term":[{"taxonomy":"product_cat","embeddable":true,"href":"https:\/\/irankiuzona.lt\/ru\/wp-json\/wp\/v2\/product_cat?post=230972"},{"taxonomy":"product_tag","embeddable":true,"href":"https:\/\/irankiuzona.lt\/ru\/wp-json\/wp\/v2\/product_tag?post=230972"}],"curies":[{"name":"wp","href":"https:\/\/api.w.org\/{rel}","templated":true}]}}