{"id":230995,"date":"2024-09-29T03:10:36","date_gmt":"2024-09-29T03:10:36","guid":{"rendered":"https:\/\/irankiuzona.lt\/product\/daugiafunkcinis-peiliukas-metalui-aliuminiui-ir-medienai-33-mm\/"},"modified":"2026-04-07T11:31:26","modified_gmt":"2026-04-07T11:31:26","slug":"daugiafunkcinis-peiliukas-metalui-aliuminiui-ir-medienai-33-mm","status":"publish","type":"product","link":"https:\/\/irankiuzona.lt\/ru\/product\/daugiafunkcinis-peiliukas-metalui-aliuminiui-ir-medienai-33-mm\/","title":{"rendered":"Daugiafunkcinis peiliukas metalui, aliuminiui ir medienai 33 mm"},"content":{"rendered":"<p>Metalui, aliuminiui ir medienai<br \/>\nPeiliuko a\u0161men\u0173 plotis 33 mm<br \/>\nAtstumas tarp dantuk\u0173 1,4 mm<br \/>\nDid\u017eiausias pjovimo gylis apie 40 mm<br \/>\nPeiliukas pagamintas i\u0161 HCS plieno<br \/>\nPeiliukas tinka daugeliui dugiafunkcini\u0173 \u012franki\u0173 (Makita, Bosch, Milwaukee ir kt.)<\/p>","protected":false},"excerpt":{"rendered":"<p>Multifunkcinis peiliukas metalui, aliuminiui ir medienai 33 mm<\/p>","protected":false},"featured_media":230997,"comment_status":"open","ping_status":"open","template":"","meta":[],"product_cat":[9913],"product_tag":[9646],"class_list":{"0":"post-230995","1":"product","2":"type-product","3":"status-publish","4":"has-post-thumbnail","6":"product_brand-drel-lenkija","7":"product_cat-daugiafunkcinio-irankio-peiliukai-priedai","8":"product_tag-drel-lenkija","10":"first","11":"instock","12":"purchasable","13":"product-type-simple"},"jetpack_sharing_enabled":true,"_links":{"self":[{"href":"https:\/\/irankiuzona.lt\/ru\/wp-json\/wp\/v2\/product\/230995","targetHints":{"allow":["GET"]}}],"collection":[{"href":"https:\/\/irankiuzona.lt\/ru\/wp-json\/wp\/v2\/product"}],"about":[{"href":"https:\/\/irankiuzona.lt\/ru\/wp-json\/wp\/v2\/types\/product"}],"replies":[{"embeddable":true,"href":"https:\/\/irankiuzona.lt\/ru\/wp-json\/wp\/v2\/comments?post=230995"}],"version-history":[{"count":0,"href":"https:\/\/irankiuzona.lt\/ru\/wp-json\/wp\/v2\/product\/230995\/revisions"}],"wp:featuredmedia":[{"embeddable":true,"href":"https:\/\/irankiuzona.lt\/ru\/wp-json\/wp\/v2\/media\/230997"}],"wp:attachment":[{"href":"https:\/\/irankiuzona.lt\/ru\/wp-json\/wp\/v2\/media?parent=230995"}],"wp:term":[{"taxonomy":"product_cat","embeddable":true,"href":"https:\/\/irankiuzona.lt\/ru\/wp-json\/wp\/v2\/product_cat?post=230995"},{"taxonomy":"product_tag","embeddable":true,"href":"https:\/\/irankiuzona.lt\/ru\/wp-json\/wp\/v2\/product_tag?post=230995"}],"curies":[{"name":"wp","href":"https:\/\/api.w.org\/{rel}","templated":true}]}}