{"id":231131,"date":"2024-09-29T03:10:49","date_gmt":"2024-09-29T03:10:49","guid":{"rendered":"https:\/\/irankiuzona.lt\/product\/sepeciai-drelei-3-25-50-50mm\/"},"modified":"2026-04-25T17:34:09","modified_gmt":"2026-04-25T17:34:09","slug":"sepeciai-drelei-3-25-50-50mm","status":"publish","type":"product","link":"https:\/\/irankiuzona.lt\/ru\/product\/sepeciai-drelei-3-25-50-50mm\/","title":{"rendered":"\u0160epe\u010diai dr\u0117lei *3 (25\/50\/50mm)"},"content":{"rendered":"<p>25 \/ 50 \/ 50 mm.<\/p>","protected":false},"excerpt":{"rendered":"<p>\u0160epe\u010diai dr\u0117lei *3 (25\/50\/50mm)<\/p>","protected":false},"featured_media":231133,"comment_status":"open","ping_status":"open","template":"","meta":[],"product_cat":[9450],"product_tag":[9898],"class_list":{"0":"post-231131","1":"product","2":"type-product","3":"status-publish","4":"has-post-thumbnail","6":"product_brand-avtodelo","7":"product_cat-sepeciai-greztuvui-slif-pj-irankiui","8":"product_tag-avtodelo","10":"first","11":"outofstock","12":"purchasable","13":"product-type-simple"},"jetpack_sharing_enabled":true,"_links":{"self":[{"href":"https:\/\/irankiuzona.lt\/ru\/wp-json\/wp\/v2\/product\/231131","targetHints":{"allow":["GET"]}}],"collection":[{"href":"https:\/\/irankiuzona.lt\/ru\/wp-json\/wp\/v2\/product"}],"about":[{"href":"https:\/\/irankiuzona.lt\/ru\/wp-json\/wp\/v2\/types\/product"}],"replies":[{"embeddable":true,"href":"https:\/\/irankiuzona.lt\/ru\/wp-json\/wp\/v2\/comments?post=231131"}],"version-history":[{"count":1,"href":"https:\/\/irankiuzona.lt\/ru\/wp-json\/wp\/v2\/product\/231131\/revisions"}],"predecessor-version":[{"id":412208,"href":"https:\/\/irankiuzona.lt\/ru\/wp-json\/wp\/v2\/product\/231131\/revisions\/412208"}],"wp:featuredmedia":[{"embeddable":true,"href":"https:\/\/irankiuzona.lt\/ru\/wp-json\/wp\/v2\/media\/231133"}],"wp:attachment":[{"href":"https:\/\/irankiuzona.lt\/ru\/wp-json\/wp\/v2\/media?parent=231131"}],"wp:term":[{"taxonomy":"product_cat","embeddable":true,"href":"https:\/\/irankiuzona.lt\/ru\/wp-json\/wp\/v2\/product_cat?post=231131"},{"taxonomy":"product_tag","embeddable":true,"href":"https:\/\/irankiuzona.lt\/ru\/wp-json\/wp\/v2\/product_tag?post=231131"}],"curies":[{"name":"wp","href":"https:\/\/api.w.org\/{rel}","templated":true}]}}