{"id":231134,"date":"2024-09-29T03:10:50","date_gmt":"2024-09-29T03:10:50","guid":{"rendered":"https:\/\/irankiuzona.lt\/product\/sepeciai-drelei-ploksti3-50-60-75mm\/"},"modified":"2026-04-25T17:34:10","modified_gmt":"2026-04-25T17:34:10","slug":"sepeciai-drelei-ploksti3-50-60-75mm","status":"publish","type":"product","link":"https:\/\/irankiuzona.lt\/ru\/product\/sepeciai-drelei-ploksti3-50-60-75mm\/","title":{"rendered":"\u0160epe\u010diai dr\u0117lei plok\u0161ti*3 (50\/60\/75mm)"},"content":{"rendered":"<p>50 \/ 60 \/ 75 mm<\/p>","protected":false},"excerpt":{"rendered":"<p>\u0160epe\u010diai dr\u0117lei plok\u0161ti*3 (50\/60\/75mm)<\/p>","protected":false},"featured_media":231136,"comment_status":"open","ping_status":"open","template":"","meta":[],"product_cat":[9450],"product_tag":[9898],"class_list":{"0":"post-231134","1":"product","2":"type-product","3":"status-publish","4":"has-post-thumbnail","6":"product_brand-avtodelo","7":"product_cat-sepeciai-greztuvui-slif-pj-irankiui","8":"product_tag-avtodelo","10":"first","11":"outofstock","12":"purchasable","13":"product-type-simple"},"jetpack_sharing_enabled":true,"_links":{"self":[{"href":"https:\/\/irankiuzona.lt\/ru\/wp-json\/wp\/v2\/product\/231134","targetHints":{"allow":["GET"]}}],"collection":[{"href":"https:\/\/irankiuzona.lt\/ru\/wp-json\/wp\/v2\/product"}],"about":[{"href":"https:\/\/irankiuzona.lt\/ru\/wp-json\/wp\/v2\/types\/product"}],"replies":[{"embeddable":true,"href":"https:\/\/irankiuzona.lt\/ru\/wp-json\/wp\/v2\/comments?post=231134"}],"version-history":[{"count":1,"href":"https:\/\/irankiuzona.lt\/ru\/wp-json\/wp\/v2\/product\/231134\/revisions"}],"predecessor-version":[{"id":412209,"href":"https:\/\/irankiuzona.lt\/ru\/wp-json\/wp\/v2\/product\/231134\/revisions\/412209"}],"wp:featuredmedia":[{"embeddable":true,"href":"https:\/\/irankiuzona.lt\/ru\/wp-json\/wp\/v2\/media\/231136"}],"wp:attachment":[{"href":"https:\/\/irankiuzona.lt\/ru\/wp-json\/wp\/v2\/media?parent=231134"}],"wp:term":[{"taxonomy":"product_cat","embeddable":true,"href":"https:\/\/irankiuzona.lt\/ru\/wp-json\/wp\/v2\/product_cat?post=231134"},{"taxonomy":"product_tag","embeddable":true,"href":"https:\/\/irankiuzona.lt\/ru\/wp-json\/wp\/v2\/product_tag?post=231134"}],"curies":[{"name":"wp","href":"https:\/\/api.w.org\/{rel}","templated":true}]}}