{"id":231137,"date":"2024-09-29T03:10:50","date_gmt":"2024-09-29T03:10:50","guid":{"rendered":"https:\/\/irankiuzona.lt\/product\/sepetys-vielinis-slifuokliui-m14125mm\/"},"modified":"2025-03-27T01:05:08","modified_gmt":"2025-03-27T01:05:08","slug":"sepetys-vielinis-slifuokliui-m14125mm","status":"publish","type":"product","link":"https:\/\/irankiuzona.lt\/ru\/product\/sepetys-vielinis-slifuokliui-m14125mm\/","title":{"rendered":"\u0160epetys vielinis, \u0161lifuokliui M14*125mm"},"content":{"rendered":"<p>125mm diametras M14x2,00 sriegis Max. s\u016bkiai &#8211; 12500<\/p>","protected":false},"excerpt":{"rendered":"<p>\u0160epetys vielinis, \u0161lifuokliui M14*125mm<\/p>","protected":false},"featured_media":231139,"comment_status":"open","ping_status":"open","template":"","meta":[],"product_cat":[9450],"product_tag":[9898],"class_list":{"0":"post-231137","1":"product","2":"type-product","3":"status-publish","4":"has-post-thumbnail","6":"product_brand-avtodelo","7":"product_cat-sepeciai-greztuvui-slif-pj-irankiui","8":"product_tag-avtodelo","10":"first","11":"outofstock","12":"purchasable","13":"product-type-simple"},"jetpack_sharing_enabled":true,"_links":{"self":[{"href":"https:\/\/irankiuzona.lt\/ru\/wp-json\/wp\/v2\/product\/231137","targetHints":{"allow":["GET"]}}],"collection":[{"href":"https:\/\/irankiuzona.lt\/ru\/wp-json\/wp\/v2\/product"}],"about":[{"href":"https:\/\/irankiuzona.lt\/ru\/wp-json\/wp\/v2\/types\/product"}],"replies":[{"embeddable":true,"href":"https:\/\/irankiuzona.lt\/ru\/wp-json\/wp\/v2\/comments?post=231137"}],"version-history":[{"count":0,"href":"https:\/\/irankiuzona.lt\/ru\/wp-json\/wp\/v2\/product\/231137\/revisions"}],"wp:featuredmedia":[{"embeddable":true,"href":"https:\/\/irankiuzona.lt\/ru\/wp-json\/wp\/v2\/media\/231139"}],"wp:attachment":[{"href":"https:\/\/irankiuzona.lt\/ru\/wp-json\/wp\/v2\/media?parent=231137"}],"wp:term":[{"taxonomy":"product_cat","embeddable":true,"href":"https:\/\/irankiuzona.lt\/ru\/wp-json\/wp\/v2\/product_cat?post=231137"},{"taxonomy":"product_tag","embeddable":true,"href":"https:\/\/irankiuzona.lt\/ru\/wp-json\/wp\/v2\/product_tag?post=231137"}],"curies":[{"name":"wp","href":"https:\/\/api.w.org\/{rel}","templated":true}]}}