{"id":231152,"date":"2024-09-29T03:10:51","date_gmt":"2024-09-29T03:10:51","guid":{"rendered":"https:\/\/irankiuzona.lt\/product\/irankiu-lagaminas-1-41-2-irankiais-89daliu\/"},"modified":"2025-05-08T04:30:35","modified_gmt":"2025-05-08T04:30:35","slug":"irankiu-lagaminas-1-41-2-irankiais-89daliu","status":"publish","type":"product","link":"https:\/\/irankiuzona.lt\/ru\/product\/irankiu-lagaminas-1-41-2-irankiais-89daliu\/","title":{"rendered":"\u012eranki\u0173 lagaminas 1\/4+1\/2 \u012frankiais, 89dali\u0173"},"content":{"rendered":"<p>Svoris &#8211; 5,65kg  10&#215;3\/8dr.sockets-CrV:  8\u201a9\u201a10\u201a11\u201a12\u201a15\u201a16\u201a17\u201a18\u201a19mm  10&#215;1\/4&quot;dr.sockets-CrV:  4\u201a5\u201a6\u201a7\u201a8\u201a9\u201a10\u201a11\u201a12\u201a13mm  1 x 1\/4&quot;dr.extension bar 3&quot; CrV  1 x 3\/8&quot;dr.extension bar 3&quot; CrV  1 x Adapter 3\/8&quot; x 1\/4&quot; extension CrV  1 x 3\/8&quot; Dr. 72 Teeth Quick Release Ratchet Handle. CrV  1 x Ratchet bit holder  1 x diagonal pliers 6&quot; (160mm)  1 x combination pliers 7&quot; (160mm)  1 x long nose pliers 6&quot; (160mm)  1 x knife  1 x 300gr. machinist hammer &#8211; DIN 1041  7 x combination wrench 8-17mm  8\u201a10\u201a11\u201a12\u201a13\u201a14\u201a17  1 x 3m measuring tape &#8211; MID certificate  4 x screwdriver set CrV:  SL5x75mm\u201a SL6x100mm\u201a PH1x75mm\u201a PH2x100mm  6 x precision screwdriver set  SL2\u201a4&#215;25\u037eSL1\u201a8&#215;23\u037eSL1\u201a4&#215;23\u037eSL1x20\u037ePH1x30\u037ePH0x27mm  9 x hex keys 1.5 &#8211; 10mm CrV:1.5\u201a 2\u201a 2.5\u201a 3\u201a 4\u201a 5\u201a 6\u201a 8\u201a 10mm  31 x screwdriver bits-CrV:  SL3\u201a4\u201a5\u201a6\u201a6\u201a7\u201aPH0\u201a1\u201a1\u201a2\u201a3PZ0\u201a1\u201a 2\u201a3T:10\u201a15\u201a20\u201a25\u201a27\u201a30  H1.5\u201a2\u201a2.5\u201a3\u201a4\u201a5\u201a5.5\u201a6\u201aAD and bit holder  1 x Aluminium case<\/p>","protected":false},"excerpt":{"rendered":"<p>\u012eranki\u0173 lagaminas su \u012frankiais, 89dali\u0173<\/p>","protected":false},"featured_media":231154,"comment_status":"open","ping_status":"open","template":"","meta":[],"product_cat":[9612],"product_tag":[9476],"class_list":{"0":"post-231152","1":"product","2":"type-product","3":"status-publish","4":"has-post-thumbnail","6":"product_brand-erba-austrija","7":"product_cat-irankiu-komplektai-su-priedais","8":"product_tag-erba-austrija","10":"first","11":"outofstock","12":"purchasable","13":"product-type-simple"},"jetpack_sharing_enabled":true,"_links":{"self":[{"href":"https:\/\/irankiuzona.lt\/ru\/wp-json\/wp\/v2\/product\/231152","targetHints":{"allow":["GET"]}}],"collection":[{"href":"https:\/\/irankiuzona.lt\/ru\/wp-json\/wp\/v2\/product"}],"about":[{"href":"https:\/\/irankiuzona.lt\/ru\/wp-json\/wp\/v2\/types\/product"}],"replies":[{"embeddable":true,"href":"https:\/\/irankiuzona.lt\/ru\/wp-json\/wp\/v2\/comments?post=231152"}],"version-history":[{"count":0,"href":"https:\/\/irankiuzona.lt\/ru\/wp-json\/wp\/v2\/product\/231152\/revisions"}],"wp:featuredmedia":[{"embeddable":true,"href":"https:\/\/irankiuzona.lt\/ru\/wp-json\/wp\/v2\/media\/231154"}],"wp:attachment":[{"href":"https:\/\/irankiuzona.lt\/ru\/wp-json\/wp\/v2\/media?parent=231152"}],"wp:term":[{"taxonomy":"product_cat","embeddable":true,"href":"https:\/\/irankiuzona.lt\/ru\/wp-json\/wp\/v2\/product_cat?post=231152"},{"taxonomy":"product_tag","embeddable":true,"href":"https:\/\/irankiuzona.lt\/ru\/wp-json\/wp\/v2\/product_tag?post=231152"}],"curies":[{"name":"wp","href":"https:\/\/api.w.org\/{rel}","templated":true}]}}