{"id":231475,"date":"2024-09-29T03:20:23","date_gmt":"2024-09-29T03:20:23","guid":{"rendered":"https:\/\/irankiuzona.lt\/product\/galvute-zvakems-3-8-14mm-12-kamp-lankstoma\/"},"modified":"2026-04-21T16:24:30","modified_gmt":"2026-04-21T16:24:30","slug":"galvute-zvakems-3-8-14mm-12-kamp-lankstoma","status":"publish","type":"product","link":"https:\/\/irankiuzona.lt\/ru\/product\/galvute-zvakems-3-8-14mm-12-kamp-lankstoma\/","title":{"rendered":"Galvut\u0117 \u017evak\u0117ms 3\/8&quot; 14mm 12-kamp. (lankstoma)"},"content":{"rendered":"<p>for deep-seated or extra long spark plugs<br \/>\nsuitable for BMW, Mercedes-Benz, Renault etc.<br \/>\nwith retaining spring for better grip<\/p>","protected":false},"excerpt":{"rendered":"<p>Galvut\u0117 \u017evak\u0117ms 3\/8&quot; 14mm 12-kamp. (lankstoma)<\/p>","protected":false},"featured_media":231477,"comment_status":"open","ping_status":"open","template":"","meta":[],"product_cat":[9619],"product_tag":[9462],"class_list":{"0":"post-231475","1":"product","2":"type-product","3":"status-publish","4":"has-post-thumbnail","6":"product_brand-condor-werkzeug-vokietija","7":"product_cat-galvutes-zvakems","8":"product_tag-condor-werkzeug-vokietija","10":"first","11":"instock","12":"purchasable","13":"product-type-simple"},"jetpack_sharing_enabled":true,"_links":{"self":[{"href":"https:\/\/irankiuzona.lt\/ru\/wp-json\/wp\/v2\/product\/231475","targetHints":{"allow":["GET"]}}],"collection":[{"href":"https:\/\/irankiuzona.lt\/ru\/wp-json\/wp\/v2\/product"}],"about":[{"href":"https:\/\/irankiuzona.lt\/ru\/wp-json\/wp\/v2\/types\/product"}],"replies":[{"embeddable":true,"href":"https:\/\/irankiuzona.lt\/ru\/wp-json\/wp\/v2\/comments?post=231475"}],"version-history":[{"count":1,"href":"https:\/\/irankiuzona.lt\/ru\/wp-json\/wp\/v2\/product\/231475\/revisions"}],"predecessor-version":[{"id":412309,"href":"https:\/\/irankiuzona.lt\/ru\/wp-json\/wp\/v2\/product\/231475\/revisions\/412309"}],"wp:featuredmedia":[{"embeddable":true,"href":"https:\/\/irankiuzona.lt\/ru\/wp-json\/wp\/v2\/media\/231477"}],"wp:attachment":[{"href":"https:\/\/irankiuzona.lt\/ru\/wp-json\/wp\/v2\/media?parent=231475"}],"wp:term":[{"taxonomy":"product_cat","embeddable":true,"href":"https:\/\/irankiuzona.lt\/ru\/wp-json\/wp\/v2\/product_cat?post=231475"},{"taxonomy":"product_tag","embeddable":true,"href":"https:\/\/irankiuzona.lt\/ru\/wp-json\/wp\/v2\/product_tag?post=231475"}],"curies":[{"name":"wp","href":"https:\/\/api.w.org\/{rel}","templated":true}]}}