{"id":231513,"date":"2024-09-29T03:20:27","date_gmt":"2024-09-29T03:20:27","guid":{"rendered":"https:\/\/irankiuzona.lt\/product\/perejimas-is-1-i-1-2-cr-mo\/"},"modified":"2025-03-26T12:55:40","modified_gmt":"2025-03-26T12:55:40","slug":"perejimas-is-1-i-1-2-cr-mo","status":"publish","type":"product","link":"https:\/\/irankiuzona.lt\/ru\/product\/perejimas-is-1-i-1-2-cr-mo\/","title":{"rendered":"Per\u0117jimas i\u0161 1&quot; \u012f 1\/2&quot; Cr-Mo"},"content":{"rendered":"<p>Cr-Mo1&quot; (25mm) -> 1\/2&quot; (12,5mm)<\/p>","protected":false},"excerpt":{"rendered":"<p>Sm\u016bginis per\u0117jimas-adapteris 1&quot;-1\/2 \/ Cr-Mo<\/p>","protected":false},"featured_media":231515,"comment_status":"open","ping_status":"open","template":"","meta":[],"product_cat":[9514],"product_tag":[9898],"class_list":{"0":"post-231513","1":"product","2":"type-product","3":"status-publish","4":"has-post-thumbnail","6":"product_brand-avtodelo","7":"product_cat-smuginiai-cr-mo-perejimai","8":"product_tag-avtodelo","10":"first","11":"outofstock","12":"purchasable","13":"product-type-simple"},"jetpack_sharing_enabled":true,"_links":{"self":[{"href":"https:\/\/irankiuzona.lt\/ru\/wp-json\/wp\/v2\/product\/231513","targetHints":{"allow":["GET"]}}],"collection":[{"href":"https:\/\/irankiuzona.lt\/ru\/wp-json\/wp\/v2\/product"}],"about":[{"href":"https:\/\/irankiuzona.lt\/ru\/wp-json\/wp\/v2\/types\/product"}],"replies":[{"embeddable":true,"href":"https:\/\/irankiuzona.lt\/ru\/wp-json\/wp\/v2\/comments?post=231513"}],"version-history":[{"count":0,"href":"https:\/\/irankiuzona.lt\/ru\/wp-json\/wp\/v2\/product\/231513\/revisions"}],"wp:featuredmedia":[{"embeddable":true,"href":"https:\/\/irankiuzona.lt\/ru\/wp-json\/wp\/v2\/media\/231515"}],"wp:attachment":[{"href":"https:\/\/irankiuzona.lt\/ru\/wp-json\/wp\/v2\/media?parent=231513"}],"wp:term":[{"taxonomy":"product_cat","embeddable":true,"href":"https:\/\/irankiuzona.lt\/ru\/wp-json\/wp\/v2\/product_cat?post=231513"},{"taxonomy":"product_tag","embeddable":true,"href":"https:\/\/irankiuzona.lt\/ru\/wp-json\/wp\/v2\/product_tag?post=231513"}],"curies":[{"name":"wp","href":"https:\/\/api.w.org\/{rel}","templated":true}]}}