{"id":231572,"date":"2024-09-29T03:20:33","date_gmt":"2024-09-29T03:20:33","guid":{"rendered":"https:\/\/irankiuzona.lt\/product\/irankiai-automobilio-durelems\/"},"modified":"2026-05-16T22:39:49","modified_gmt":"2026-05-16T22:39:49","slug":"irankiai-automobilio-durelems","status":"publish","type":"product","link":"https:\/\/irankiuzona.lt\/ru\/product\/irankiai-automobilio-durelems\/","title":{"rendered":"\u012erankiai automobilio durel\u0117ms"},"content":{"rendered":"<p>\u012erankiai VW \/ Audi \/ Mercedes \/ Porsche\u00a0automobili\u0173 durel\u0117ms   Apra\u0161ymas vokie\u010di\u0173 kalba:<br \/>\nT\u00fcrscharnier-Werkzeugsatz Speziell zusammengestellt f\u00fcr T\u00fcrscharnierarbeiten bei\u00a0VW\/Mercedes-Benz\/Porsche\/Audi<br \/>\nInhalt: &#8211; 1 Schraubendreher T30 (L\u00e4nge 360 mm) &#8211; 1 T-Griff-Schraubendreher T 20 (L\u00e4nge 240 mm) &#8211; 1 umstellbare Bit-Ratsche (L\u00e4nge 240 mm) &#8211; 7 Bits: T40-45, Innenvielzahn M4,8,10  Papildoma informacija: 1 pav<\/p>","protected":false},"excerpt":{"rendered":"<p>\u012erankiai automobilio durel\u0117ms  VW \/ Audi \/ Mercedes \/ Porsche automobiliams<\/p>","protected":false},"featured_media":231574,"comment_status":"open","ping_status":"open","template":"","meta":[],"product_cat":[9529],"product_tag":[9462],"class_list":{"0":"post-231572","1":"product","2":"type-product","3":"status-publish","4":"has-post-thumbnail","6":"product_brand-condor-werkzeug-vokietija","7":"product_cat-irankiai-apdailos-ardymui","8":"product_tag-condor-werkzeug-vokietija","10":"first","11":"outofstock","12":"purchasable","13":"product-type-simple"},"jetpack_sharing_enabled":true,"_links":{"self":[{"href":"https:\/\/irankiuzona.lt\/ru\/wp-json\/wp\/v2\/product\/231572","targetHints":{"allow":["GET"]}}],"collection":[{"href":"https:\/\/irankiuzona.lt\/ru\/wp-json\/wp\/v2\/product"}],"about":[{"href":"https:\/\/irankiuzona.lt\/ru\/wp-json\/wp\/v2\/types\/product"}],"replies":[{"embeddable":true,"href":"https:\/\/irankiuzona.lt\/ru\/wp-json\/wp\/v2\/comments?post=231572"}],"version-history":[{"count":1,"href":"https:\/\/irankiuzona.lt\/ru\/wp-json\/wp\/v2\/product\/231572\/revisions"}],"predecessor-version":[{"id":412337,"href":"https:\/\/irankiuzona.lt\/ru\/wp-json\/wp\/v2\/product\/231572\/revisions\/412337"}],"wp:featuredmedia":[{"embeddable":true,"href":"https:\/\/irankiuzona.lt\/ru\/wp-json\/wp\/v2\/media\/231574"}],"wp:attachment":[{"href":"https:\/\/irankiuzona.lt\/ru\/wp-json\/wp\/v2\/media?parent=231572"}],"wp:term":[{"taxonomy":"product_cat","embeddable":true,"href":"https:\/\/irankiuzona.lt\/ru\/wp-json\/wp\/v2\/product_cat?post=231572"},{"taxonomy":"product_tag","embeddable":true,"href":"https:\/\/irankiuzona.lt\/ru\/wp-json\/wp\/v2\/product_tag?post=231572"}],"curies":[{"name":"wp","href":"https:\/\/api.w.org\/{rel}","templated":true}]}}