{"id":231731,"date":"2024-09-29T03:20:49","date_gmt":"2024-09-29T03:20:49","guid":{"rendered":"https:\/\/irankiuzona.lt\/product\/raktai-stabdziu-vamzdeliams-sarnyriniai-6vnt-8-19mm\/"},"modified":"2025-05-21T05:35:25","modified_gmt":"2025-05-21T05:35:25","slug":"raktai-stabdziu-vamzdeliams-sarnyriniai-6vnt-8-19mm","status":"publish","type":"product","link":"https:\/\/irankiuzona.lt\/ru\/product\/raktai-stabdziu-vamzdeliams-sarnyriniai-6vnt-8-19mm\/","title":{"rendered":"Raktai stabd\u017ei\u0173 vamzdeliams, \u0161arnyriniai 6vnt (8-19mm)"},"content":{"rendered":"<p>Chrom-Vanadium-Stahl, matt verchromt, fein poliert<br \/>\nNr. 4080  6-tlg. Satz im Kunststoffhalter<br \/>\n8&#215;9 &#8211; 10&#215;11 &#8211; 12&#215;13 &#8211; 14&#215;15 &#8211; 16&#215;17 &#8211; 18&#215;19 mm<\/p>","protected":false},"excerpt":{"rendered":"<p>Raktai stabd\u017ei\u0173 vamzdeliams, \u0161arnyriniai 6vnt (8-19mm)<\/p>","protected":false},"featured_media":231733,"comment_status":"open","ping_status":"open","template":"","meta":[],"product_cat":[9596],"product_tag":[9462],"class_list":{"0":"post-231731","1":"product","2":"type-product","3":"status-publish","4":"has-post-thumbnail","6":"product_brand-condor-werkzeug-vokietija","7":"product_cat-raktai-vamzdeliams-su-ispjova","8":"product_tag-condor-werkzeug-vokietija","10":"first","11":"outofstock","12":"purchasable","13":"product-type-simple"},"jetpack_sharing_enabled":true,"_links":{"self":[{"href":"https:\/\/irankiuzona.lt\/ru\/wp-json\/wp\/v2\/product\/231731","targetHints":{"allow":["GET"]}}],"collection":[{"href":"https:\/\/irankiuzona.lt\/ru\/wp-json\/wp\/v2\/product"}],"about":[{"href":"https:\/\/irankiuzona.lt\/ru\/wp-json\/wp\/v2\/types\/product"}],"replies":[{"embeddable":true,"href":"https:\/\/irankiuzona.lt\/ru\/wp-json\/wp\/v2\/comments?post=231731"}],"version-history":[{"count":0,"href":"https:\/\/irankiuzona.lt\/ru\/wp-json\/wp\/v2\/product\/231731\/revisions"}],"wp:featuredmedia":[{"embeddable":true,"href":"https:\/\/irankiuzona.lt\/ru\/wp-json\/wp\/v2\/media\/231733"}],"wp:attachment":[{"href":"https:\/\/irankiuzona.lt\/ru\/wp-json\/wp\/v2\/media?parent=231731"}],"wp:term":[{"taxonomy":"product_cat","embeddable":true,"href":"https:\/\/irankiuzona.lt\/ru\/wp-json\/wp\/v2\/product_cat?post=231731"},{"taxonomy":"product_tag","embeddable":true,"href":"https:\/\/irankiuzona.lt\/ru\/wp-json\/wp\/v2\/product_tag?post=231731"}],"curies":[{"name":"wp","href":"https:\/\/api.w.org\/{rel}","templated":true}]}}