{"id":231792,"date":"2024-09-29T03:20:55","date_gmt":"2024-09-29T03:20:55","guid":{"rendered":"https:\/\/irankiuzona.lt\/product\/galvute-1-2-ilga-17mm-cr-mo-smugine\/"},"modified":"2024-11-19T00:10:32","modified_gmt":"2024-11-19T00:10:32","slug":"galvute-1-2-ilga-17mm-cr-mo-smugine","status":"publish","type":"product","link":"https:\/\/irankiuzona.lt\/ru\/product\/galvute-1-2-ilga-17mm-cr-mo-smugine\/","title":{"rendered":"Galvut\u0117 1\/2 ilga 17mm Cr-Mo sm\u016bgin\u0117"},"content":{"rendered":"","protected":false},"excerpt":{"rendered":"<p>Galvut\u0117 1\/2 ilga 17mm Cr-Mo sm\u016bgin\u0117<\/p>","protected":false},"featured_media":231794,"comment_status":"open","ping_status":"open","template":"","meta":[],"product_cat":[9801],"product_tag":[9435],"class_list":{"0":"post-231792","1":"product","2":"type-product","3":"status-publish","4":"has-post-thumbnail","6":"product_brand-kinija","7":"product_cat-1-2-125-mm-ilgos-smugines-sesiakampes-galvutes","8":"product_tag-kinija","10":"first","11":"outofstock","12":"purchasable","13":"product-type-simple"},"jetpack_sharing_enabled":true,"_links":{"self":[{"href":"https:\/\/irankiuzona.lt\/ru\/wp-json\/wp\/v2\/product\/231792","targetHints":{"allow":["GET"]}}],"collection":[{"href":"https:\/\/irankiuzona.lt\/ru\/wp-json\/wp\/v2\/product"}],"about":[{"href":"https:\/\/irankiuzona.lt\/ru\/wp-json\/wp\/v2\/types\/product"}],"replies":[{"embeddable":true,"href":"https:\/\/irankiuzona.lt\/ru\/wp-json\/wp\/v2\/comments?post=231792"}],"version-history":[{"count":0,"href":"https:\/\/irankiuzona.lt\/ru\/wp-json\/wp\/v2\/product\/231792\/revisions"}],"wp:featuredmedia":[{"embeddable":true,"href":"https:\/\/irankiuzona.lt\/ru\/wp-json\/wp\/v2\/media\/231794"}],"wp:attachment":[{"href":"https:\/\/irankiuzona.lt\/ru\/wp-json\/wp\/v2\/media?parent=231792"}],"wp:term":[{"taxonomy":"product_cat","embeddable":true,"href":"https:\/\/irankiuzona.lt\/ru\/wp-json\/wp\/v2\/product_cat?post=231792"},{"taxonomy":"product_tag","embeddable":true,"href":"https:\/\/irankiuzona.lt\/ru\/wp-json\/wp\/v2\/product_tag?post=231792"}],"curies":[{"name":"wp","href":"https:\/\/api.w.org\/{rel}","templated":true}]}}