{"id":231810,"date":"2024-09-29T03:20:57","date_gmt":"2024-09-29T03:20:57","guid":{"rendered":"https:\/\/irankiuzona.lt\/product\/galvute-dyzelino-purkstukui-28mm\/"},"modified":"2026-04-11T06:38:13","modified_gmt":"2026-04-11T06:38:13","slug":"galvute-dyzelino-purkstukui-28mm","status":"publish","type":"product","link":"https:\/\/irankiuzona.lt\/ru\/product\/galvute-dyzelino-purkstukui-28mm\/","title":{"rendered":"Galvut\u0117 dyzelino purk\u0161tukui 28mm"},"content":{"rendered":"<p>Galvut\u0117 dyzelio purk\u0161tukui CrV 1\/2&quot;x28 mm; 12-kamp\u0117<\/p>","protected":false},"excerpt":{"rendered":"<p>Galvut\u0117 dyzelino purk\u0161tukui 28mm su i\u0161pjova \/ dvylikakamp\u0117<\/p>","protected":false},"featured_media":231812,"comment_status":"open","ping_status":"open","template":"","meta":[],"product_cat":[9633],"product_tag":[9435],"class_list":{"0":"post-231810","1":"product","2":"type-product","3":"status-publish","4":"has-post-thumbnail","6":"product_brand-kinija","7":"product_cat-galvutes-purkstukams","8":"product_tag-kinija","10":"first","11":"instock","12":"purchasable","13":"product-type-simple"},"jetpack_sharing_enabled":true,"_links":{"self":[{"href":"https:\/\/irankiuzona.lt\/ru\/wp-json\/wp\/v2\/product\/231810","targetHints":{"allow":["GET"]}}],"collection":[{"href":"https:\/\/irankiuzona.lt\/ru\/wp-json\/wp\/v2\/product"}],"about":[{"href":"https:\/\/irankiuzona.lt\/ru\/wp-json\/wp\/v2\/types\/product"}],"replies":[{"embeddable":true,"href":"https:\/\/irankiuzona.lt\/ru\/wp-json\/wp\/v2\/comments?post=231810"}],"version-history":[{"count":1,"href":"https:\/\/irankiuzona.lt\/ru\/wp-json\/wp\/v2\/product\/231810\/revisions"}],"predecessor-version":[{"id":412401,"href":"https:\/\/irankiuzona.lt\/ru\/wp-json\/wp\/v2\/product\/231810\/revisions\/412401"}],"wp:featuredmedia":[{"embeddable":true,"href":"https:\/\/irankiuzona.lt\/ru\/wp-json\/wp\/v2\/media\/231812"}],"wp:attachment":[{"href":"https:\/\/irankiuzona.lt\/ru\/wp-json\/wp\/v2\/media?parent=231810"}],"wp:term":[{"taxonomy":"product_cat","embeddable":true,"href":"https:\/\/irankiuzona.lt\/ru\/wp-json\/wp\/v2\/product_cat?post=231810"},{"taxonomy":"product_tag","embeddable":true,"href":"https:\/\/irankiuzona.lt\/ru\/wp-json\/wp\/v2\/product_tag?post=231810"}],"curies":[{"name":"wp","href":"https:\/\/api.w.org\/{rel}","templated":true}]}}