{"id":231854,"date":"2024-09-29T03:21:01","date_gmt":"2024-09-29T03:21:01","guid":{"rendered":"https:\/\/irankiuzona.lt\/product\/obliaus-gelezte-hss-35100mm\/"},"modified":"2024-10-01T01:04:42","modified_gmt":"2024-10-01T01:04:42","slug":"obliaus-gelezte-hss-35100mm","status":"publish","type":"product","link":"https:\/\/irankiuzona.lt\/ru\/product\/obliaus-gelezte-hss-35100mm\/","title":{"rendered":"Obliaus gele\u017et\u0117  HSS 35*100mm"},"content":{"rendered":"<p>Obliaus gele\u017et\u0117 \u00a0HSS 35*100mm<\/p>","protected":false},"excerpt":{"rendered":"<p>Obliaus gele\u017et\u0117 \u00a0HSS 35*100mm<\/p>","protected":false},"featured_media":231856,"comment_status":"open","ping_status":"open","template":"","meta":[],"product_cat":[9777],"product_tag":[9478],"class_list":{"0":"post-231854","1":"product","2":"type-product","3":"status-publish","4":"has-post-thumbnail","6":"product_brand-leman-prancuzija","7":"product_cat-obliai-trintuves","8":"product_tag-leman-prancuzija","10":"first","11":"outofstock","12":"purchasable","13":"product-type-simple"},"jetpack_sharing_enabled":true,"_links":{"self":[{"href":"https:\/\/irankiuzona.lt\/ru\/wp-json\/wp\/v2\/product\/231854","targetHints":{"allow":["GET"]}}],"collection":[{"href":"https:\/\/irankiuzona.lt\/ru\/wp-json\/wp\/v2\/product"}],"about":[{"href":"https:\/\/irankiuzona.lt\/ru\/wp-json\/wp\/v2\/types\/product"}],"replies":[{"embeddable":true,"href":"https:\/\/irankiuzona.lt\/ru\/wp-json\/wp\/v2\/comments?post=231854"}],"version-history":[{"count":0,"href":"https:\/\/irankiuzona.lt\/ru\/wp-json\/wp\/v2\/product\/231854\/revisions"}],"wp:featuredmedia":[{"embeddable":true,"href":"https:\/\/irankiuzona.lt\/ru\/wp-json\/wp\/v2\/media\/231856"}],"wp:attachment":[{"href":"https:\/\/irankiuzona.lt\/ru\/wp-json\/wp\/v2\/media?parent=231854"}],"wp:term":[{"taxonomy":"product_cat","embeddable":true,"href":"https:\/\/irankiuzona.lt\/ru\/wp-json\/wp\/v2\/product_cat?post=231854"},{"taxonomy":"product_tag","embeddable":true,"href":"https:\/\/irankiuzona.lt\/ru\/wp-json\/wp\/v2\/product_tag?post=231854"}],"curies":[{"name":"wp","href":"https:\/\/api.w.org\/{rel}","templated":true}]}}