{"id":231894,"date":"2024-09-29T03:30:08","date_gmt":"2024-09-29T03:30:08","guid":{"rendered":"https:\/\/irankiuzona.lt\/product\/kompresijos-matuoklis-dyzel-varikliui-0-70bar\/"},"modified":"2026-02-12T22:11:03","modified_gmt":"2026-02-12T22:11:03","slug":"kompresijos-matuoklis-dyzel-varikliui-0-70bar","status":"publish","type":"product","link":"https:\/\/irankiuzona.lt\/ru\/product\/kompresijos-matuoklis-dyzel-varikliui-0-70bar\/","title":{"rendered":"Kompresijos matuoklis dyzel.varikliui 0-70bar"},"content":{"rendered":"<p>Tinka automobili\u0173 ir sunkve\u017eimi\u0173 varikliams tikrinti naudojant purk\u0161tuk\u0105, pakaitinimo \u017evak\u0119 arba purk\u0161tukus (TDI\/CDI.) Dyzelino suspaudimo sl\u0117giui 0-1000 Psi ir 0-70 Bar.<br \/>\nLengvai skaitomas mastelio keitimas.<br \/>\n\u012erengtas greito i\u0161leidimo vo\u017etuvas.<br \/>\nGumin\u0117 \u017earna su greita jungtimi, adapteriai su M10 \u2013 M12 \u2013 M14 \u2013 M20 jungtimi.<\/p>","protected":false},"excerpt":{"rendered":"<p>Kompresijos matuoklis dyzel.varikliui 0-70bar<\/p>","protected":false},"featured_media":231896,"comment_status":"open","ping_status":"open","template":"","meta":[],"product_cat":[9552],"product_tag":[9435],"class_list":{"0":"post-231894","1":"product","2":"type-product","3":"status-publish","4":"has-post-thumbnail","6":"product_brand-kinija","7":"product_cat-kompresiometrai-dyzelinui","8":"product_tag-kinija","10":"first","11":"outofstock","12":"purchasable","13":"product-type-simple"},"jetpack_sharing_enabled":true,"_links":{"self":[{"href":"https:\/\/irankiuzona.lt\/ru\/wp-json\/wp\/v2\/product\/231894","targetHints":{"allow":["GET"]}}],"collection":[{"href":"https:\/\/irankiuzona.lt\/ru\/wp-json\/wp\/v2\/product"}],"about":[{"href":"https:\/\/irankiuzona.lt\/ru\/wp-json\/wp\/v2\/types\/product"}],"replies":[{"embeddable":true,"href":"https:\/\/irankiuzona.lt\/ru\/wp-json\/wp\/v2\/comments?post=231894"}],"version-history":[{"count":1,"href":"https:\/\/irankiuzona.lt\/ru\/wp-json\/wp\/v2\/product\/231894\/revisions"}],"predecessor-version":[{"id":412426,"href":"https:\/\/irankiuzona.lt\/ru\/wp-json\/wp\/v2\/product\/231894\/revisions\/412426"}],"wp:featuredmedia":[{"embeddable":true,"href":"https:\/\/irankiuzona.lt\/ru\/wp-json\/wp\/v2\/media\/231896"}],"wp:attachment":[{"href":"https:\/\/irankiuzona.lt\/ru\/wp-json\/wp\/v2\/media?parent=231894"}],"wp:term":[{"taxonomy":"product_cat","embeddable":true,"href":"https:\/\/irankiuzona.lt\/ru\/wp-json\/wp\/v2\/product_cat?post=231894"},{"taxonomy":"product_tag","embeddable":true,"href":"https:\/\/irankiuzona.lt\/ru\/wp-json\/wp\/v2\/product_tag?post=231894"}],"curies":[{"name":"wp","href":"https:\/\/api.w.org\/{rel}","templated":true}]}}