{"id":231932,"date":"2024-09-29T03:30:12","date_gmt":"2024-09-29T03:30:12","guid":{"rendered":"https:\/\/irankiuzona.lt\/product\/vulkanizavimo-skystis-klijai\/"},"modified":"2026-04-21T15:25:14","modified_gmt":"2026-04-21T15:25:14","slug":"vulkanizavimo-skystis-klijai","status":"publish","type":"product","link":"https:\/\/irankiuzona.lt\/ru\/product\/vulkanizavimo-skystis-klijai\/","title":{"rendered":"Vulkanizavimo skystis\/klijai"},"content":{"rendered":"<p>Tinka kameroms, padangomsVulkanizavimo cementas\/klijai Tirso Gomez TG-C250<br \/>\n\u00a0Tinka naudoti su diagonaliniais ir radialiniais lopais (TG, TG TL, TG OTR, TG TL OTR), grybais (TG COMBI), kai\u0161\u010diais (TG LAZO, TG PLUG) ir ventilio pagrindais \u0161altuoju ir kar\u0161tuoju vulkanizavimo b\u016bdu.\u00a0<br \/>\nDarbo temperat\u016bros ribos 18-150C\u00a0<br \/>\n&quot;FAST DRY&quot; &#8211; greit stengstantys<br \/>\n250ml<br \/>\nSu teptuku<\/p>","protected":false},"excerpt":{"rendered":"<p>Padang\u0173 vulkanizavimo cementas\/skystis\/klijai<\/p>","protected":false},"featured_media":231934,"comment_status":"open","ping_status":"open","template":"","meta":[],"product_cat":[9924],"product_tag":[],"class_list":{"0":"post-231932","1":"product","2":"type-product","3":"status-publish","4":"has-post-thumbnail","6":"product_cat-padangu-remonto-chemija","8":"first","9":"outofstock","10":"purchasable","11":"product-type-simple"},"jetpack_sharing_enabled":true,"_links":{"self":[{"href":"https:\/\/irankiuzona.lt\/ru\/wp-json\/wp\/v2\/product\/231932","targetHints":{"allow":["GET"]}}],"collection":[{"href":"https:\/\/irankiuzona.lt\/ru\/wp-json\/wp\/v2\/product"}],"about":[{"href":"https:\/\/irankiuzona.lt\/ru\/wp-json\/wp\/v2\/types\/product"}],"replies":[{"embeddable":true,"href":"https:\/\/irankiuzona.lt\/ru\/wp-json\/wp\/v2\/comments?post=231932"}],"version-history":[{"count":1,"href":"https:\/\/irankiuzona.lt\/ru\/wp-json\/wp\/v2\/product\/231932\/revisions"}],"predecessor-version":[{"id":412438,"href":"https:\/\/irankiuzona.lt\/ru\/wp-json\/wp\/v2\/product\/231932\/revisions\/412438"}],"wp:featuredmedia":[{"embeddable":true,"href":"https:\/\/irankiuzona.lt\/ru\/wp-json\/wp\/v2\/media\/231934"}],"wp:attachment":[{"href":"https:\/\/irankiuzona.lt\/ru\/wp-json\/wp\/v2\/media?parent=231932"}],"wp:term":[{"taxonomy":"product_cat","embeddable":true,"href":"https:\/\/irankiuzona.lt\/ru\/wp-json\/wp\/v2\/product_cat?post=231932"},{"taxonomy":"product_tag","embeddable":true,"href":"https:\/\/irankiuzona.lt\/ru\/wp-json\/wp\/v2\/product_tag?post=231932"}],"curies":[{"name":"wp","href":"https:\/\/api.w.org\/{rel}","templated":true}]}}