{"id":232037,"date":"2024-09-29T03:30:23","date_gmt":"2024-09-29T03:30:23","guid":{"rendered":"https:\/\/irankiuzona.lt\/product\/spastai-ziurkems\/"},"modified":"2025-05-27T07:45:36","modified_gmt":"2025-05-27T07:45:36","slug":"spastai-ziurkems","status":"publish","type":"product","link":"https:\/\/irankiuzona.lt\/ru\/product\/spastai-ziurkems\/","title":{"rendered":"Sp\u0105stai \u017eiurk\u0117ms"},"content":{"rendered":"<p>\u00a0<\/p>","protected":false},"excerpt":{"rendered":"<p>Sp\u0105stai \u017eiurk\u0117ms<\/p>","protected":false},"featured_media":232039,"comment_status":"open","ping_status":"open","template":"","meta":[],"product_cat":[9931],"product_tag":[9439],"class_list":{"0":"post-232037","1":"product","2":"type-product","3":"status-publish","4":"has-post-thumbnail","6":"product_brand-toko-olandija","7":"product_cat-spastai","8":"product_tag-toko-olandija","10":"first","11":"outofstock","12":"purchasable","13":"product-type-simple"},"jetpack_sharing_enabled":true,"_links":{"self":[{"href":"https:\/\/irankiuzona.lt\/ru\/wp-json\/wp\/v2\/product\/232037","targetHints":{"allow":["GET"]}}],"collection":[{"href":"https:\/\/irankiuzona.lt\/ru\/wp-json\/wp\/v2\/product"}],"about":[{"href":"https:\/\/irankiuzona.lt\/ru\/wp-json\/wp\/v2\/types\/product"}],"replies":[{"embeddable":true,"href":"https:\/\/irankiuzona.lt\/ru\/wp-json\/wp\/v2\/comments?post=232037"}],"version-history":[{"count":0,"href":"https:\/\/irankiuzona.lt\/ru\/wp-json\/wp\/v2\/product\/232037\/revisions"}],"wp:featuredmedia":[{"embeddable":true,"href":"https:\/\/irankiuzona.lt\/ru\/wp-json\/wp\/v2\/media\/232039"}],"wp:attachment":[{"href":"https:\/\/irankiuzona.lt\/ru\/wp-json\/wp\/v2\/media?parent=232037"}],"wp:term":[{"taxonomy":"product_cat","embeddable":true,"href":"https:\/\/irankiuzona.lt\/ru\/wp-json\/wp\/v2\/product_cat?post=232037"},{"taxonomy":"product_tag","embeddable":true,"href":"https:\/\/irankiuzona.lt\/ru\/wp-json\/wp\/v2\/product_tag?post=232037"}],"curies":[{"name":"wp","href":"https:\/\/api.w.org\/{rel}","templated":true}]}}