{"id":232133,"date":"2024-09-29T03:30:33","date_gmt":"2024-09-29T03:30:33","guid":{"rendered":"https:\/\/irankiuzona.lt\/product\/lankstus-piltuvelis\/"},"modified":"2025-05-26T01:40:20","modified_gmt":"2025-05-26T01:40:20","slug":"lankstus-piltuvelis","status":"publish","type":"product","link":"https:\/\/irankiuzona.lt\/ru\/product\/lankstus-piltuvelis\/","title":{"rendered":"Lankstus piltuv\u0117lis"},"content":{"rendered":"<p>Labai patogus \u012frankis, kuriuo galima suformuoti norimos formos piltuv\u0117l\u012f.  I\u0161pilant ir pripilant, pavyzd\u017eiui, kuro, tepalo, au\u0161inimo skys\u010dio, valymo skys\u010dio,\u00a0 I\u0161orin\u0117 med\u017eiaga nesusigadina, nes yra pagaminta i\u0161 NBR gumos, atsparios kurui ir chemin\u0117ms med\u017eiagoms.\u00a0  \u00a0Matmenys: 368&#215;169 mm.<\/p>","protected":false},"excerpt":{"rendered":"<p>Lankstus piltuv\u0117lis\u00a0<\/p>","protected":false},"featured_media":232135,"comment_status":"open","ping_status":"open","template":"","meta":[],"product_cat":[9687],"product_tag":[9462],"class_list":{"0":"post-232133","1":"product","2":"type-product","3":"status-publish","4":"has-post-thumbnail","6":"product_brand-condor-werkzeug-vokietija","7":"product_cat-indai-eksploataciniams-skysciams-piltuvai-tepalines","8":"product_tag-condor-werkzeug-vokietija","10":"first","11":"outofstock","12":"purchasable","13":"product-type-simple"},"jetpack_sharing_enabled":true,"_links":{"self":[{"href":"https:\/\/irankiuzona.lt\/ru\/wp-json\/wp\/v2\/product\/232133","targetHints":{"allow":["GET"]}}],"collection":[{"href":"https:\/\/irankiuzona.lt\/ru\/wp-json\/wp\/v2\/product"}],"about":[{"href":"https:\/\/irankiuzona.lt\/ru\/wp-json\/wp\/v2\/types\/product"}],"replies":[{"embeddable":true,"href":"https:\/\/irankiuzona.lt\/ru\/wp-json\/wp\/v2\/comments?post=232133"}],"version-history":[{"count":0,"href":"https:\/\/irankiuzona.lt\/ru\/wp-json\/wp\/v2\/product\/232133\/revisions"}],"wp:featuredmedia":[{"embeddable":true,"href":"https:\/\/irankiuzona.lt\/ru\/wp-json\/wp\/v2\/media\/232135"}],"wp:attachment":[{"href":"https:\/\/irankiuzona.lt\/ru\/wp-json\/wp\/v2\/media?parent=232133"}],"wp:term":[{"taxonomy":"product_cat","embeddable":true,"href":"https:\/\/irankiuzona.lt\/ru\/wp-json\/wp\/v2\/product_cat?post=232133"},{"taxonomy":"product_tag","embeddable":true,"href":"https:\/\/irankiuzona.lt\/ru\/wp-json\/wp\/v2\/product_tag?post=232133"}],"curies":[{"name":"wp","href":"https:\/\/api.w.org\/{rel}","templated":true}]}}