{"id":232234,"date":"2024-09-29T03:30:42","date_gmt":"2024-09-29T03:30:42","guid":{"rendered":"https:\/\/irankiuzona.lt\/product\/skyles-ismusiklis-o16mm\/"},"modified":"2026-04-14T07:12:12","modified_gmt":"2026-04-14T07:12:12","slug":"skyles-ismusiklis-o16mm","status":"publish","type":"product","link":"https:\/\/irankiuzona.lt\/ru\/product\/skyles-ismusiklis-o16mm\/","title":{"rendered":"Skyl\u0117s i\u0161mu\u0161iklis \u00d816mm"},"content":{"rendered":"<p>Skyl\u0117s i\u0161mu\u0161\u0117jas \/ skyl\u0117s i\u0161kal\u0117jas odoje, plastike, gumoje..<\/p>","protected":false},"excerpt":{"rendered":"<p>Skyl\u0117s i\u0161mu\u0161iklis \u00d816mm<\/p>","protected":false},"featured_media":232236,"comment_status":"open","ping_status":"open","template":"","meta":[],"product_cat":[9718],"product_tag":[9646],"class_list":{"0":"post-232234","1":"product","2":"type-product","3":"status-publish","4":"has-post-thumbnail","6":"product_brand-drel-lenkija","7":"product_cat-skyliu-ismusejai-odai-plastikui-gumai","8":"product_tag-drel-lenkija","10":"first","11":"instock","12":"purchasable","13":"product-type-simple"},"jetpack_sharing_enabled":true,"_links":{"self":[{"href":"https:\/\/irankiuzona.lt\/ru\/wp-json\/wp\/v2\/product\/232234","targetHints":{"allow":["GET"]}}],"collection":[{"href":"https:\/\/irankiuzona.lt\/ru\/wp-json\/wp\/v2\/product"}],"about":[{"href":"https:\/\/irankiuzona.lt\/ru\/wp-json\/wp\/v2\/types\/product"}],"replies":[{"embeddable":true,"href":"https:\/\/irankiuzona.lt\/ru\/wp-json\/wp\/v2\/comments?post=232234"}],"version-history":[{"count":1,"href":"https:\/\/irankiuzona.lt\/ru\/wp-json\/wp\/v2\/product\/232234\/revisions"}],"predecessor-version":[{"id":412526,"href":"https:\/\/irankiuzona.lt\/ru\/wp-json\/wp\/v2\/product\/232234\/revisions\/412526"}],"wp:featuredmedia":[{"embeddable":true,"href":"https:\/\/irankiuzona.lt\/ru\/wp-json\/wp\/v2\/media\/232236"}],"wp:attachment":[{"href":"https:\/\/irankiuzona.lt\/ru\/wp-json\/wp\/v2\/media?parent=232234"}],"wp:term":[{"taxonomy":"product_cat","embeddable":true,"href":"https:\/\/irankiuzona.lt\/ru\/wp-json\/wp\/v2\/product_cat?post=232234"},{"taxonomy":"product_tag","embeddable":true,"href":"https:\/\/irankiuzona.lt\/ru\/wp-json\/wp\/v2\/product_tag?post=232234"}],"curies":[{"name":"wp","href":"https:\/\/api.w.org\/{rel}","templated":true}]}}