{"id":232393,"date":"2024-09-29T03:30:57","date_gmt":"2024-09-29T03:30:57","guid":{"rendered":"https:\/\/irankiuzona.lt\/product\/prailgintuvas-3-8-610mm-cr-v-su-galvos-fiksavimu\/"},"modified":"2026-04-14T22:58:31","modified_gmt":"2026-04-14T22:58:31","slug":"prailgintuvas-3-8-610mm-cr-v-su-galvos-fiksavimu","status":"publish","type":"product","link":"https:\/\/irankiuzona.lt\/ru\/product\/prailgintuvas-3-8-610mm-cr-v-su-galvos-fiksavimu\/","title":{"rendered":"Prailgintuvas 3\/8&quot; 610mm Cr-V su galvos fiksavimu"},"content":{"rendered":"<p>\u012erankis pagamintas i\u0161 chromo vanad\u017eio plieno. \u00a0Lockable Extension Bar, 3\/8&quot;, 610 mm<\/p>","protected":false},"excerpt":{"rendered":"<p>Prailgintuvas 3\/8&quot; 610mm Cr-V su galvos fiksavimu<\/p>","protected":false},"featured_media":232395,"comment_status":"open","ping_status":"open","template":"","meta":[],"product_cat":[9683],"product_tag":[9462],"class_list":{"0":"post-232393","1":"product","2":"type-product","3":"status-publish","4":"has-post-thumbnail","6":"product_brand-condor-werkzeug-vokietija","7":"product_cat-3-8-10-mm-prailgintuvai","8":"product_tag-condor-werkzeug-vokietija","10":"first","11":"outofstock","12":"purchasable","13":"product-type-simple"},"jetpack_sharing_enabled":true,"_links":{"self":[{"href":"https:\/\/irankiuzona.lt\/ru\/wp-json\/wp\/v2\/product\/232393","targetHints":{"allow":["GET"]}}],"collection":[{"href":"https:\/\/irankiuzona.lt\/ru\/wp-json\/wp\/v2\/product"}],"about":[{"href":"https:\/\/irankiuzona.lt\/ru\/wp-json\/wp\/v2\/types\/product"}],"replies":[{"embeddable":true,"href":"https:\/\/irankiuzona.lt\/ru\/wp-json\/wp\/v2\/comments?post=232393"}],"version-history":[{"count":1,"href":"https:\/\/irankiuzona.lt\/ru\/wp-json\/wp\/v2\/product\/232393\/revisions"}],"predecessor-version":[{"id":412577,"href":"https:\/\/irankiuzona.lt\/ru\/wp-json\/wp\/v2\/product\/232393\/revisions\/412577"}],"wp:featuredmedia":[{"embeddable":true,"href":"https:\/\/irankiuzona.lt\/ru\/wp-json\/wp\/v2\/media\/232395"}],"wp:attachment":[{"href":"https:\/\/irankiuzona.lt\/ru\/wp-json\/wp\/v2\/media?parent=232393"}],"wp:term":[{"taxonomy":"product_cat","embeddable":true,"href":"https:\/\/irankiuzona.lt\/ru\/wp-json\/wp\/v2\/product_cat?post=232393"},{"taxonomy":"product_tag","embeddable":true,"href":"https:\/\/irankiuzona.lt\/ru\/wp-json\/wp\/v2\/product_tag?post=232393"}],"curies":[{"name":"wp","href":"https:\/\/api.w.org\/{rel}","templated":true}]}}