{"id":232426,"date":"2024-09-29T03:31:01","date_gmt":"2024-09-29T03:31:01","guid":{"rendered":"https:\/\/irankiuzona.lt\/product\/standzioji-vilktis-is-3-daliu-1800mm-2000kg\/"},"modified":"2026-04-21T00:12:58","modified_gmt":"2026-04-21T00:12:58","slug":"standzioji-vilktis-is-3-daliu-1800mm-2000kg","status":"publish","type":"product","link":"https:\/\/irankiuzona.lt\/ru\/product\/standzioji-vilktis-is-3-daliu-1800mm-2000kg\/","title":{"rendered":"Stand\u017eioji vilktis i\u0161 3 dali\u0173 1800mm 2000kg"},"content":{"rendered":"<p>1800mm 2000kg<\/p>","protected":false},"excerpt":{"rendered":"<p>Stand\u017eioji vilktis i\u0161 3 dali\u0173 1800mm 2000kg\u00a0<\/p>","protected":false},"featured_media":232428,"comment_status":"open","ping_status":"open","template":"","meta":[],"product_cat":[9904],"product_tag":[9778],"class_list":{"0":"post-232426","1":"product","2":"type-product","3":"status-publish","4":"has-post-thumbnail","6":"product_brand-triumf-professional-tools-slovakija","7":"product_cat-buksyrai-standzios-vilktys-tempimo-trosai","8":"product_tag-triumf-professional-tools-slovakija","10":"first","11":"outofstock","12":"purchasable","13":"product-type-simple"},"jetpack_sharing_enabled":true,"_links":{"self":[{"href":"https:\/\/irankiuzona.lt\/ru\/wp-json\/wp\/v2\/product\/232426","targetHints":{"allow":["GET"]}}],"collection":[{"href":"https:\/\/irankiuzona.lt\/ru\/wp-json\/wp\/v2\/product"}],"about":[{"href":"https:\/\/irankiuzona.lt\/ru\/wp-json\/wp\/v2\/types\/product"}],"replies":[{"embeddable":true,"href":"https:\/\/irankiuzona.lt\/ru\/wp-json\/wp\/v2\/comments?post=232426"}],"version-history":[{"count":1,"href":"https:\/\/irankiuzona.lt\/ru\/wp-json\/wp\/v2\/product\/232426\/revisions"}],"predecessor-version":[{"id":412587,"href":"https:\/\/irankiuzona.lt\/ru\/wp-json\/wp\/v2\/product\/232426\/revisions\/412587"}],"wp:featuredmedia":[{"embeddable":true,"href":"https:\/\/irankiuzona.lt\/ru\/wp-json\/wp\/v2\/media\/232428"}],"wp:attachment":[{"href":"https:\/\/irankiuzona.lt\/ru\/wp-json\/wp\/v2\/media?parent=232426"}],"wp:term":[{"taxonomy":"product_cat","embeddable":true,"href":"https:\/\/irankiuzona.lt\/ru\/wp-json\/wp\/v2\/product_cat?post=232426"},{"taxonomy":"product_tag","embeddable":true,"href":"https:\/\/irankiuzona.lt\/ru\/wp-json\/wp\/v2\/product_tag?post=232426"}],"curies":[{"name":"wp","href":"https:\/\/api.w.org\/{rel}","templated":true}]}}