{"id":232906,"date":"2024-09-29T03:40:49","date_gmt":"2024-09-29T03:40:49","guid":{"rendered":"https:\/\/irankiuzona.lt\/product\/antgaliu-k-tas-1-41-2-su-deklu-vezimeliui-87-daliu\/"},"modified":"2026-04-09T15:58:58","modified_gmt":"2026-04-09T15:58:58","slug":"antgaliu-k-tas-1-41-2-su-deklu-vezimeliui-87-daliu","status":"publish","type":"product","link":"https:\/\/irankiuzona.lt\/ru\/product\/antgaliu-k-tas-1-41-2-su-deklu-vezimeliui-87-daliu\/","title":{"rendered":"Antgali\u0173 k-tas 1\/4+1\/2 \/ su d\u0117klu ve\u017eim\u0117liui 87 dali\u0173"},"content":{"rendered":"<p>\u00a0\u012ed\u0117klo dydis stal\u010diuje &#8211; 3\/3 (36x560x395 mm) S2 Chrome-vanadium steel  Komplekte:\u00a0 1\/4:\u00a0 \u012epresuoti TORX: T8-T30 ( 37mm ) \u012epresuoti 6-kampiai: H3-H8 ( 37mm ) \u012epresuoti 5-kampiai: TS10-TS50 ( 37mm ) \u012epresuoti &quot;-&quot; : 4 \/ 5,5 \/ 6,5 ( 37mm ) \u012epresuoti PH: PH0 \/ PH1 \/ PH2 ( 37mm )  \u012epresuoti PZ: PZ1 \/ PZ2 ( 37 mm )  1\/2: \u012epresuoti TORX: T20-T60 ( 55mm ) \/ T25-T50 ( 100mm )  \u012epresuoti 6-kampiai: H7-H19 ( 55mm ) \/ H5-H12 ( 100mm ) \u012epresuoti SPLINE: M5-M14 ( 55mm ) \/ M5-M14 ( 100mm )  Bitukai 8mm: T20-T60 su skyle ( 30mm )  Adapteriai \/ per\u0117jimai: Per\u0117jimas 1\/4&quot; x 3\/8&quot; Per\u0117jimas 3\/8&quot; x 1\/2&quot;  Per\u0117jimas 1\/2&quot; x 3\/8&quot; Per\u0117jimas 1\/2&quot; x 3\/4&quot; Per\u0117jimas 3\/4&quot; x 1\/2&quot; Bituk\u0173 laikiklis 1\/4&quot; x 1\/4&quot; Bituk\u0173 laikiklis 3\/8&quot; x 8mm Bituk\u0173 laikiklis 1\/2 x 8mm<\/p>","protected":false},"excerpt":{"rendered":"<p>Antgali\u0173 k-tas 1\/4+1\/2 su \u012fd\u0117klu ve\u017eim\u0117liui 87 dali\u0173<\/p>","protected":false},"featured_media":232908,"comment_status":"open","ping_status":"open","template":"","meta":[],"product_cat":[9870],"product_tag":[9462],"class_list":{"0":"post-232906","1":"product","2":"type-product","3":"status-publish","4":"has-post-thumbnail","6":"product_brand-condor-werkzeug-vokietija","7":"product_cat-deklai-i-vezimus-su-irankiais-ir-tusti","8":"product_tag-condor-werkzeug-vokietija","10":"first","11":"instock","12":"purchasable","13":"product-type-simple"},"jetpack_sharing_enabled":true,"_links":{"self":[{"href":"https:\/\/irankiuzona.lt\/ru\/wp-json\/wp\/v2\/product\/232906","targetHints":{"allow":["GET"]}}],"collection":[{"href":"https:\/\/irankiuzona.lt\/ru\/wp-json\/wp\/v2\/product"}],"about":[{"href":"https:\/\/irankiuzona.lt\/ru\/wp-json\/wp\/v2\/types\/product"}],"replies":[{"embeddable":true,"href":"https:\/\/irankiuzona.lt\/ru\/wp-json\/wp\/v2\/comments?post=232906"}],"version-history":[{"count":1,"href":"https:\/\/irankiuzona.lt\/ru\/wp-json\/wp\/v2\/product\/232906\/revisions"}],"predecessor-version":[{"id":412744,"href":"https:\/\/irankiuzona.lt\/ru\/wp-json\/wp\/v2\/product\/232906\/revisions\/412744"}],"wp:featuredmedia":[{"embeddable":true,"href":"https:\/\/irankiuzona.lt\/ru\/wp-json\/wp\/v2\/media\/232908"}],"wp:attachment":[{"href":"https:\/\/irankiuzona.lt\/ru\/wp-json\/wp\/v2\/media?parent=232906"}],"wp:term":[{"taxonomy":"product_cat","embeddable":true,"href":"https:\/\/irankiuzona.lt\/ru\/wp-json\/wp\/v2\/product_cat?post=232906"},{"taxonomy":"product_tag","embeddable":true,"href":"https:\/\/irankiuzona.lt\/ru\/wp-json\/wp\/v2\/product_tag?post=232906"}],"curies":[{"name":"wp","href":"https:\/\/api.w.org\/{rel}","templated":true}]}}