{"id":232943,"date":"2024-09-29T03:40:53","date_gmt":"2024-09-29T03:40:53","guid":{"rendered":"https:\/\/irankiuzona.lt\/product\/reples-automobiliu-sedyniu-uzvalkalu-klipsams\/"},"modified":"2026-05-16T17:43:05","modified_gmt":"2026-05-16T17:43:05","slug":"reples-automobiliu-sedyniu-uzvalkalu-klipsams","status":"publish","type":"product","link":"https:\/\/irankiuzona.lt\/ru\/product\/reples-automobiliu-sedyniu-uzvalkalu-klipsams\/","title":{"rendered":"Repl\u0117s automobili\u0173 s\u0117dyni\u0173 u\u017evalkal\u0173 klipsams"},"content":{"rendered":"<p>pliers for clip coatingsfor fixing car seat coversspring mechanism holds the clip in the slot of pliers, which facilitates the positioning and squeezing of clamps<\/p>","protected":false},"excerpt":{"rendered":"<p>Repl\u0117s s\u0117dyni\u0173 u\u017evalkal\u0173 klipsams \/ tvirtinimo \u017eiedams u\u017espausti \/ BGS8872<\/p>","protected":false},"featured_media":232945,"comment_status":"open","ping_status":"open","template":"","meta":[],"product_cat":[9529],"product_tag":[],"class_list":{"0":"post-232943","1":"product","2":"type-product","3":"status-publish","4":"has-post-thumbnail","6":"product_cat-irankiai-apdailos-ardymui","8":"first","9":"instock","10":"purchasable","11":"product-type-simple"},"jetpack_sharing_enabled":true,"_links":{"self":[{"href":"https:\/\/irankiuzona.lt\/ru\/wp-json\/wp\/v2\/product\/232943","targetHints":{"allow":["GET"]}}],"collection":[{"href":"https:\/\/irankiuzona.lt\/ru\/wp-json\/wp\/v2\/product"}],"about":[{"href":"https:\/\/irankiuzona.lt\/ru\/wp-json\/wp\/v2\/types\/product"}],"replies":[{"embeddable":true,"href":"https:\/\/irankiuzona.lt\/ru\/wp-json\/wp\/v2\/comments?post=232943"}],"version-history":[{"count":1,"href":"https:\/\/irankiuzona.lt\/ru\/wp-json\/wp\/v2\/product\/232943\/revisions"}],"predecessor-version":[{"id":412755,"href":"https:\/\/irankiuzona.lt\/ru\/wp-json\/wp\/v2\/product\/232943\/revisions\/412755"}],"wp:featuredmedia":[{"embeddable":true,"href":"https:\/\/irankiuzona.lt\/ru\/wp-json\/wp\/v2\/media\/232945"}],"wp:attachment":[{"href":"https:\/\/irankiuzona.lt\/ru\/wp-json\/wp\/v2\/media?parent=232943"}],"wp:term":[{"taxonomy":"product_cat","embeddable":true,"href":"https:\/\/irankiuzona.lt\/ru\/wp-json\/wp\/v2\/product_cat?post=232943"},{"taxonomy":"product_tag","embeddable":true,"href":"https:\/\/irankiuzona.lt\/ru\/wp-json\/wp\/v2\/product_tag?post=232943"}],"curies":[{"name":"wp","href":"https:\/\/api.w.org\/{rel}","templated":true}]}}