{"id":232958,"date":"2024-09-29T03:40:54","date_gmt":"2024-09-29T03:40:54","guid":{"rendered":"https:\/\/irankiuzona.lt\/product\/repliu-k-tas-ziedams-su-ideklu-vezimeliui-8-daliu\/"},"modified":"2026-04-12T04:03:46","modified_gmt":"2026-04-12T04:03:46","slug":"repliu-k-tas-ziedams-su-ideklu-vezimeliui-8-daliu","status":"publish","type":"product","link":"https:\/\/irankiuzona.lt\/ru\/product\/repliu-k-tas-ziedams-su-ideklu-vezimeliui-8-daliu\/","title":{"rendered":"Repli\u0173 k-tas \u017eiedams su \u012fd\u0117klu ve\u017eim\u0117liui 8 dali\u0173"},"content":{"rendered":"<p>\u012ed\u0117klo dydis stal\u010diuje &#8211; 2\/3 (36x375x395 mm)  Repl\u0117s ple\u010dian\u010dios ir spaud\u017eian\u010dios 175 + 225 mm<\/p>","protected":false},"excerpt":{"rendered":"<p>Repli\u0173 k-tas \u017eiedams su \u012fd\u0117klu ve\u017eim\u0117liui 8 dali\u0173<\/p>","protected":false},"featured_media":232960,"comment_status":"open","ping_status":"open","template":"","meta":[],"product_cat":[9870],"product_tag":[9462],"class_list":{"0":"post-232958","1":"product","2":"type-product","3":"status-publish","4":"has-post-thumbnail","6":"product_brand-condor-werkzeug-vokietija","7":"product_cat-deklai-i-vezimus-su-irankiais-ir-tusti","8":"product_tag-condor-werkzeug-vokietija","10":"first","11":"instock","12":"purchasable","13":"product-type-simple"},"jetpack_sharing_enabled":true,"_links":{"self":[{"href":"https:\/\/irankiuzona.lt\/ru\/wp-json\/wp\/v2\/product\/232958","targetHints":{"allow":["GET"]}}],"collection":[{"href":"https:\/\/irankiuzona.lt\/ru\/wp-json\/wp\/v2\/product"}],"about":[{"href":"https:\/\/irankiuzona.lt\/ru\/wp-json\/wp\/v2\/types\/product"}],"replies":[{"embeddable":true,"href":"https:\/\/irankiuzona.lt\/ru\/wp-json\/wp\/v2\/comments?post=232958"}],"version-history":[{"count":1,"href":"https:\/\/irankiuzona.lt\/ru\/wp-json\/wp\/v2\/product\/232958\/revisions"}],"predecessor-version":[{"id":412760,"href":"https:\/\/irankiuzona.lt\/ru\/wp-json\/wp\/v2\/product\/232958\/revisions\/412760"}],"wp:featuredmedia":[{"embeddable":true,"href":"https:\/\/irankiuzona.lt\/ru\/wp-json\/wp\/v2\/media\/232960"}],"wp:attachment":[{"href":"https:\/\/irankiuzona.lt\/ru\/wp-json\/wp\/v2\/media?parent=232958"}],"wp:term":[{"taxonomy":"product_cat","embeddable":true,"href":"https:\/\/irankiuzona.lt\/ru\/wp-json\/wp\/v2\/product_cat?post=232958"},{"taxonomy":"product_tag","embeddable":true,"href":"https:\/\/irankiuzona.lt\/ru\/wp-json\/wp\/v2\/product_tag?post=232958"}],"curies":[{"name":"wp","href":"https:\/\/api.w.org\/{rel}","templated":true}]}}