{"id":233062,"date":"2024-09-29T03:50:04","date_gmt":"2024-09-29T03:50:04","guid":{"rendered":"https:\/\/irankiuzona.lt\/product\/laikikliai-1-4-galvutems-2vnt\/"},"modified":"2026-05-14T09:55:26","modified_gmt":"2026-05-14T09:55:26","slug":"laikikliai-1-4-galvutems-2vnt","status":"publish","type":"product","link":"https:\/\/irankiuzona.lt\/ru\/product\/laikikliai-1-4-galvutems-2vnt\/","title":{"rendered":"Laikikliai 1\/4 galvut\u0117ms 2vnt."},"content":{"rendered":"<p>9 ausel\u0117s ant vieno laikiklio.Viso 18 auseli\u0173 galvut\u0117ms ant abiej\u0173 laikikli\u0173.su fiksuojamais rutuliukais<\/p>","protected":false},"excerpt":{"rendered":"<p>Laikikliai 1\/4 galvut\u0117ms x 2vnt.<\/p>","protected":false},"featured_media":233064,"comment_status":"open","ping_status":"open","template":"","meta":[],"product_cat":[9461],"product_tag":[9435],"class_list":{"0":"post-233062","1":"product","2":"type-product","3":"status-publish","4":"has-post-thumbnail","6":"product_brand-kinija","7":"product_cat-laikikliai-galvutems","8":"product_tag-kinija","10":"first","11":"instock","12":"purchasable","13":"product-type-simple"},"jetpack_sharing_enabled":true,"_links":{"self":[{"href":"https:\/\/irankiuzona.lt\/ru\/wp-json\/wp\/v2\/product\/233062","targetHints":{"allow":["GET"]}}],"collection":[{"href":"https:\/\/irankiuzona.lt\/ru\/wp-json\/wp\/v2\/product"}],"about":[{"href":"https:\/\/irankiuzona.lt\/ru\/wp-json\/wp\/v2\/types\/product"}],"replies":[{"embeddable":true,"href":"https:\/\/irankiuzona.lt\/ru\/wp-json\/wp\/v2\/comments?post=233062"}],"version-history":[{"count":1,"href":"https:\/\/irankiuzona.lt\/ru\/wp-json\/wp\/v2\/product\/233062\/revisions"}],"predecessor-version":[{"id":412794,"href":"https:\/\/irankiuzona.lt\/ru\/wp-json\/wp\/v2\/product\/233062\/revisions\/412794"}],"wp:featuredmedia":[{"embeddable":true,"href":"https:\/\/irankiuzona.lt\/ru\/wp-json\/wp\/v2\/media\/233064"}],"wp:attachment":[{"href":"https:\/\/irankiuzona.lt\/ru\/wp-json\/wp\/v2\/media?parent=233062"}],"wp:term":[{"taxonomy":"product_cat","embeddable":true,"href":"https:\/\/irankiuzona.lt\/ru\/wp-json\/wp\/v2\/product_cat?post=233062"},{"taxonomy":"product_tag","embeddable":true,"href":"https:\/\/irankiuzona.lt\/ru\/wp-json\/wp\/v2\/product_tag?post=233062"}],"curies":[{"name":"wp","href":"https:\/\/api.w.org\/{rel}","templated":true}]}}