{"id":233077,"date":"2024-09-29T03:50:06","date_gmt":"2024-09-29T03:50:06","guid":{"rendered":"https:\/\/irankiuzona.lt\/product\/1-4-terksles-komplektas-su-deklu-vezimeliui-58-daliu\/"},"modified":"2026-04-12T04:03:50","modified_gmt":"2026-04-12T04:03:50","slug":"1-4-terksles-komplektas-su-deklu-vezimeliui-58-daliu","status":"publish","type":"product","link":"https:\/\/irankiuzona.lt\/ru\/product\/1-4-terksles-komplektas-su-deklu-vezimeliui-58-daliu\/","title":{"rendered":"1\/4 terk\u0161l\u0117s komplektas \/ su d\u0117klu ve\u017eim\u0117liui 58 dali\u0173"},"content":{"rendered":"<p>\u012ed\u0117klo dydis stal\u010diuje &#8211; 1\/3 (36x185x395 mm) Chrome-vanadium steel  Komplekte: 1\/4: Palenkta terk\u0161l\u0117 ( 72 dant\u0173 ) Sukimo rankena Prailgintuvai &#8211; 50\/300 mm  T-bar slankiojanti jungtis 115 mm \u0160arnyras Galvut\u0117s &quot;Super lock&quot; : 4-14mm trumpos \/ 8-13 mm ilgos Galvut\u0117s E-profil E4-E8 \u012epresuoti T10-T40 \u012epresuoti \u0161e\u0161iakampiai H3-H8 \u012epresuoti spline M4-M6 \u012epresuotos 5-kamp\u0117s \u017evaig\u017ed\u0117s TS10-TS50 \u012epresuoti &quot;-&quot; 4\/5,5\/6,5 \u012epresuoti &quot;+&quot; PH1\/PH2\/PH3<\/p>","protected":false},"excerpt":{"rendered":"<p>1\/4 terk\u0161l\u0117s komplektas su \u012fd\u0117klu ve\u017eim\u0117liui 58 dali\u0173<\/p>","protected":false},"featured_media":233079,"comment_status":"open","ping_status":"open","template":"","meta":[],"product_cat":[9870],"product_tag":[9462],"class_list":{"0":"post-233077","1":"product","2":"type-product","3":"status-publish","4":"has-post-thumbnail","6":"product_brand-condor-werkzeug-vokietija","7":"product_cat-deklai-i-vezimus-su-irankiais-ir-tusti","8":"product_tag-condor-werkzeug-vokietija","10":"first","11":"instock","12":"purchasable","13":"product-type-simple"},"jetpack_sharing_enabled":true,"_links":{"self":[{"href":"https:\/\/irankiuzona.lt\/ru\/wp-json\/wp\/v2\/product\/233077","targetHints":{"allow":["GET"]}}],"collection":[{"href":"https:\/\/irankiuzona.lt\/ru\/wp-json\/wp\/v2\/product"}],"about":[{"href":"https:\/\/irankiuzona.lt\/ru\/wp-json\/wp\/v2\/types\/product"}],"replies":[{"embeddable":true,"href":"https:\/\/irankiuzona.lt\/ru\/wp-json\/wp\/v2\/comments?post=233077"}],"version-history":[{"count":1,"href":"https:\/\/irankiuzona.lt\/ru\/wp-json\/wp\/v2\/product\/233077\/revisions"}],"predecessor-version":[{"id":412799,"href":"https:\/\/irankiuzona.lt\/ru\/wp-json\/wp\/v2\/product\/233077\/revisions\/412799"}],"wp:featuredmedia":[{"embeddable":true,"href":"https:\/\/irankiuzona.lt\/ru\/wp-json\/wp\/v2\/media\/233079"}],"wp:attachment":[{"href":"https:\/\/irankiuzona.lt\/ru\/wp-json\/wp\/v2\/media?parent=233077"}],"wp:term":[{"taxonomy":"product_cat","embeddable":true,"href":"https:\/\/irankiuzona.lt\/ru\/wp-json\/wp\/v2\/product_cat?post=233077"},{"taxonomy":"product_tag","embeddable":true,"href":"https:\/\/irankiuzona.lt\/ru\/wp-json\/wp\/v2\/product_tag?post=233077"}],"curies":[{"name":"wp","href":"https:\/\/api.w.org\/{rel}","templated":true}]}}